{"id":20469,"date":"2021-05-05T11:12:41","date_gmt":"2021-05-05T11:12:41","guid":{"rendered":"https:\/\/www.thunderbolt-collective.com\/kontakt\/"},"modified":"2024-09-20T11:14:16","modified_gmt":"2024-09-20T11:14:16","slug":"kontakt","status":"publish","type":"page","link":"https:\/\/www.thunderbolt-collective.com\/de\/kontakt\/","title":{"rendered":"Kontakt"},"content":{"rendered":"\t\t<div data-elementor-type=\"wp-page\" data-elementor-id=\"20469\" class=\"elementor elementor-20469 elementor-1453\">\n\t\t\t\t\t\t<section class=\"elementor-section elementor-top-section elementor-element elementor-element-50d49fe scheme_default elementor-section-boxed elementor-section-height-default elementor-section-height-default sc_fly_static\" data-id=\"50d49fe\" data-element_type=\"section\">\n\t\t\t\t\t\t<div class=\"elementor-container elementor-column-gap-extended\">\n\t\t\t\t\t<div class=\"elementor-column elementor-col-100 elementor-top-column elementor-element elementor-element-4ffd3c6 sc_content_align_inherit sc_layouts_column_icons_position_left sc_fly_static\" data-id=\"4ffd3c6\" data-element_type=\"column\">\n\t\t\t<div class=\"elementor-widget-wrap elementor-element-populated\">\n\t\t\t\t\t\t<div class=\"elementor-element elementor-element-0affcab sc_height_huge sc_fly_static elementor-widget elementor-widget-spacer\" data-id=\"0affcab\" data-element_type=\"widget\" data-widget_type=\"spacer.default\">\n\t\t\t\t<div class=\"elementor-widget-container\">\n\t\t\t\t\t\t\t<div class=\"elementor-spacer\">\n\t\t\t<div class=\"elementor-spacer-inner\"><\/div>\n\t\t<\/div>\n\t\t\t\t\t\t<\/div>\n\t\t\t\t<\/div>\n\t\t\t\t\t<\/div>\n\t\t<\/div>\n\t\t\t\t\t<\/div>\n\t\t<\/section>\n\t\t\t\t<section class=\"elementor-section elementor-top-section elementor-element elementor-element-9eb7761 elementor-section-boxed elementor-section-height-default elementor-section-height-default sc_fly_static\" data-id=\"9eb7761\" data-element_type=\"section\">\n\t\t\t\t\t\t<div class=\"elementor-container elementor-column-gap-extended\">\n\t\t\t\t\t<div class=\"elementor-column elementor-col-100 elementor-top-column elementor-element elementor-element-e53d63c sc_content_align_inherit sc_layouts_column_icons_position_left sc_fly_static\" data-id=\"e53d63c\" data-element_type=\"column\">\n\t\t\t<div class=\"elementor-widget-wrap elementor-element-populated\">\n\t\t\t\t\t\t<section class=\"elementor-section elementor-inner-section elementor-element elementor-element-49598d6 scheme_default elementor-section-boxed elementor-section-height-default elementor-section-height-default sc_fly_static\" data-id=\"49598d6\" data-element_type=\"section\">\n\t\t\t\t\t\t<div class=\"elementor-container elementor-column-gap-no\">\n\t\t\t\t\t<div class=\"elementor-column elementor-col-50 elementor-inner-column elementor-element elementor-element-5ffe7b7 sc_content_align_inherit sc_layouts_column_icons_position_left sc_fly_static\" data-id=\"5ffe7b7\" data-element_type=\"column\">\n\t\t\t<div class=\"elementor-widget-wrap elementor-element-populated\">\n\t\t\t\t\t\t<div class=\"elementor-element elementor-element-dfc3230 sc_fly_static elementor-widget elementor-widget-trx_sc_title\" data-id=\"dfc3230\" data-element_type=\"widget\" data-widget_type=\"trx_sc_title.default\">\n\t\t\t\t<div class=\"elementor-widget-container\">\n\t\t\t\t\t<div\t\tclass=\"sc_title sc_title_default\" ><span class=\"sc_item_subtitle sc_title_subtitle sc_item_subtitle_above sc_item_title_style_default\">Kontakt zum Thunderbolt Collective<\/span><h1 class=\"sc_item_title sc_title_title sc_item_title_style_default sc_item_title_tag\"\n\t\t\t><span class=\"sc_item_title_text\">Du hast Fragen? Kontaktiere uns jetzt!<\/span><\/h1><div class=\"sc_item_descr sc_title_descr\"><p>Das Thunderbolt Office Management steht dir f\u00fcr Anfragen zu unseren Mietangeboten und f\u00fcr weitere R\u00fcckfragen gern zur Verf\u00fcgung. <\/p>\n<\/div><\/div>\t\t\t\t<\/div>\n\t\t\t\t<\/div>\n\t\t\t\t<div class=\"elementor-element elementor-element-41b13f2 sc_fly_static elementor-widget elementor-widget-spacer\" data-id=\"41b13f2\" data-element_type=\"widget\" data-widget_type=\"spacer.default\">\n\t\t\t\t<div class=\"elementor-widget-container\">\n\t\t\t\t\t\t\t<div class=\"elementor-spacer\">\n\t\t\t<div class=\"elementor-spacer-inner\"><\/div>\n\t\t<\/div>\n\t\t\t\t\t\t<\/div>\n\t\t\t\t<\/div>\n\t\t\t\t<div class=\"elementor-element elementor-element-dd12f1b sc_fly_static elementor-widget elementor-widget-trx_sc_icons\" data-id=\"dd12f1b\" data-element_type=\"widget\" data-widget_type=\"trx_sc_icons.default\">\n\t\t\t\t<div class=\"elementor-widget-container\">\n\t\t\t\t\t<div \tclass=\"sc_icons sc_icons_simple sc_icons_size_small sc_align_none\" ><div class=\"sc_icons_item with_more\"><div class=\"sc_icons_icon sc_icon_type_ icon-marker\" style=\"color: #DBD420\" ><span class=\"sc_icon_type_ icon-marker\" style=\"color: #DBD420\"><\/span><\/div><div class=\"sc_icons_item_details\"><div class=\"sc_icons_item_description\"><span>Paul-Lincke-Ufer 20-22, 10999 Berlin, Deutschland<\/span><\/div><\/div><\/div><div class=\"sc_icons_item sc_icons_item_linked with_more\"><div class=\"sc_icons_icon sc_icon_type_ icon-iphone\" style=\"color: #DBD420\" ><span class=\"sc_icon_type_ icon-iphone\" style=\"color: #DBD420\"><\/span><\/div><div class=\"sc_icons_item_details\"><a href=\"tel:+4930120767410\" class=\"sc_icons_item_more_link\">\n                        <span class=\"link_text\">+49 (0)30 \/ 120 76 74 10<\/span><span class=\"link_icon\"><\/span>\n                        <\/a><a href=\"tel:+4930120767410\"\n                        class=\"sc_icons_item_link\">\n                        <\/a><\/div><\/div><div class=\"sc_icons_item with_more\"><div class=\"sc_icons_icon sc_icon_type_ icon-envelope-2\" style=\"color: #DBD420\" ><span class=\"sc_icon_type_ icon-envelope-2\" style=\"color: #DBD420\"><\/span><\/div><div class=\"sc_icons_item_details\"><div class=\"sc_icons_item_description\"><span><a href=\"mailto:hello&#91;at&#93;thunderbolt-collective.com\">hello &#91;at&#93; thunderbolt-collective.com<\/a><\/span><\/div><\/div><\/div><\/div><!-- \/.sc_icons -->\t\t\t\t<\/div>\n\t\t\t\t<\/div>\n\t\t\t\t\t<\/div>\n\t\t<\/div>\n\t\t\t\t<div class=\"elementor-column elementor-col-50 elementor-inner-column elementor-element elementor-element-51056eb sc_content_align_inherit sc_layouts_column_icons_position_left sc_fly_static\" data-id=\"51056eb\" data-element_type=\"column\">\n\t\t\t<div class=\"elementor-widget-wrap elementor-element-populated\">\n\t\t\t\t\t\t<div class=\"elementor-element elementor-element-17222cb sc_fly_static elementor-widget elementor-widget-spacer\" data-id=\"17222cb\" data-element_type=\"widget\" data-widget_type=\"spacer.default\">\n\t\t\t\t<div class=\"elementor-widget-container\">\n\t\t\t\t\t\t\t<div class=\"elementor-spacer\">\n\t\t\t<div class=\"elementor-spacer-inner\"><\/div>\n\t\t<\/div>\n\t\t\t\t\t\t<\/div>\n\t\t\t\t<\/div>\n\t\t\t\t<div class=\"elementor-element elementor-element-5e4dcc8 sc_fly_static elementor-widget elementor-widget-trx_sc_contact_form_7\" data-id=\"5e4dcc8\" data-element_type=\"widget\" data-widget_type=\"trx_sc_contact_form_7.default\">\n\t\t\t\t<div class=\"elementor-widget-container\">\n\t\t\t\t\t\n<div class=\"wpcf7 no-js\" id=\"wpcf7-f21652-o1\" lang=\"en-US\" dir=\"ltr\" data-wpcf7-id=\"21652\">\n<div class=\"screen-reader-response\"><p role=\"status\" aria-live=\"polite\" aria-atomic=\"true\"><\/p> <ul><\/ul><\/div>\n<form action=\"\/de\/wp-json\/wp\/v2\/pages\/20469#wpcf7-f21652-o1\" method=\"post\" class=\"wpcf7-form init\" aria-label=\"Contact form\" novalidate=\"novalidate\" data-status=\"init\">\n<div style=\"display: none;\">\n<input type=\"hidden\" name=\"_wpcf7\" value=\"21652\" \/>\n<input type=\"hidden\" name=\"_wpcf7_version\" value=\"6.0.3\" \/>\n<input type=\"hidden\" name=\"_wpcf7_locale\" value=\"en_US\" \/>\n<input type=\"hidden\" name=\"_wpcf7_unit_tag\" value=\"wpcf7-f21652-o1\" \/>\n<input type=\"hidden\" name=\"_wpcf7_container_post\" value=\"0\" \/>\n<input type=\"hidden\" name=\"_wpcf7_posted_data_hash\" value=\"\" \/>\n<\/div>\n<div class=\"form-style-3\">\n\t<div class=\"columns_wrap\">\n\t\t<div class=\"column-1_2\">\n\t\t\t<p><span class=\"style-line icon-name\"><span class=\"wpcf7-form-control-wrap\" data-name=\"tc-name\"><input size=\"40\" maxlength=\"400\" class=\"wpcf7-form-control wpcf7-text wpcf7-validates-as-required\" aria-required=\"true\" aria-invalid=\"false\" placeholder=\"Vor- und Nachname\" value=\"\" type=\"text\" name=\"tc-name\" \/><\/span><\/span>\n\t\t\t<\/p>\n\t\t<\/div>\n\t\t<div class=\"column-1_2\">\n\t\t\t<p><span class=\"style-line icon-email\"><span class=\"wpcf7-form-control-wrap\" data-name=\"tc-email\"><input size=\"40\" maxlength=\"400\" class=\"wpcf7-form-control wpcf7-email wpcf7-validates-as-required wpcf7-text wpcf7-validates-as-email\" aria-required=\"true\" aria-invalid=\"false\" placeholder=\"E-Mail-Adresse\" value=\"\" type=\"email\" name=\"tc-email\" \/><\/span><\/span>\n\t\t\t<\/p>\n\t\t<\/div>\n\t<\/div>\n\t<div class=\"columns_wrap\">\n\t\t<div class=\"column-1_2\">\n\t\t\t<p><span class=\"style-line icon-phone\"><span class=\"wpcf7-form-control-wrap\" data-name=\"tc-tel\"><input size=\"40\" maxlength=\"400\" class=\"wpcf7-form-control wpcf7-tel wpcf7-validates-as-required wpcf7-text wpcf7-validates-as-tel\" aria-required=\"true\" aria-invalid=\"false\" placeholder=\"Telefonnummer\" value=\"\" type=\"tel\" name=\"tc-tel\" \/><\/span><\/span>\n\t\t\t<\/p>\n\t\t<\/div>\n\t\t<div class=\"column-1_2\">\n\t\t\t<p><span class=\"style-line icon-subject\"><span class=\"wpcf7-form-control-wrap\" data-name=\"tc-subject\"><input size=\"40\" maxlength=\"400\" class=\"wpcf7-form-control wpcf7-text wpcf7-validates-as-required\" aria-required=\"true\" aria-invalid=\"false\" placeholder=\"Betreff\" value=\"\" type=\"text\" name=\"tc-subject\" \/><\/span><\/span>\n\t\t\t<\/p>\n\t\t<\/div>\n\t<\/div>\n\t<div class=\"columns_wrap\">\n\t\t<div class=\"column-1_1\">\n\t\t\t<p><span class=\"style-line icon-textarea\"><span class=\"wpcf7-form-control-wrap\" data-name=\"tc-message\"><textarea cols=\"40\" rows=\"10\" maxlength=\"2000\" class=\"wpcf7-form-control wpcf7-textarea wpcf7-validates-as-required\" aria-required=\"true\" aria-invalid=\"false\" placeholder=\"Deine Nachricht\" name=\"tc-message\"><\/textarea><\/span><\/span>\n\t\t\t<\/p>\n\t\t<\/div>\n\t<\/div>\n\t<div class=\"columns_wrap margin-bottom\">\n\t\t<div class=\"column-1_1\">\n\t\t\t<p><span class=\"wpcf7-form-control-wrap\" data-name=\"acceptance\"><span class=\"wpcf7-form-control wpcf7-acceptance\"><span class=\"wpcf7-list-item\"><label><input type=\"checkbox\" name=\"acceptance\" value=\"1\" aria-invalid=\"false\" \/><span class=\"wpcf7-list-item-label\">Ich stimme zu, dass meine Daten gespeichert und weiterverarbeitet werden.<\/span><\/label><\/span><\/span><\/span>\n\t\t\t<\/p>\n\t\t<\/div>\n\t<\/div>\n\t<p><div class=\"cf7-cf-turnstile\" style=\"margin-top: 0px; margin-bottom: -15px;\"> <div id=\"cf-turnstile-cf7-3234543786\" class=\"cf-turnstile\" data-sitekey=\"0x4AAAAAAAiVHaeaZ9ZzUE-c\" data-theme=\"light\" data-language=\"auto\" data-size=\"\" data-retry=\"auto\" data-retry-interval=\"1000\" data-action=\"contact-form-7\" data-appearance=\"always\"><\/div> <script>document.addEventListener(\"DOMContentLoaded\",(function(){var e=document.getElementById(\"cf-turnstile-cf7-3234543786\");e&&!e.innerHTML.trim()&&(turnstile.remove(\"#cf-turnstile-cf7-3234543786\"),turnstile.render(\"#cf-turnstile-cf7-3234543786\",{sitekey:\"0x4AAAAAAAiVHaeaZ9ZzUE-c\"}))}));<\/script> <br class=\"cf-turnstile-br cf-turnstile-br-cf7-3234543786\"> <style>#cf-turnstile-cf7-3234543786 { margin-left: -15px; }<\/style> <script>document.addEventListener(\"DOMContentLoaded\",function(){document.querySelectorAll('.wpcf7-form').forEach(function(e){e.addEventListener('submit',function(){if(document.getElementById('cf-turnstile-cf7-3234543786')){setTimeout(function(){turnstile.reset('#cf-turnstile-cf7-3234543786');},1000)}})})});<\/script> <\/div><br\/><input class=\"wpcf7-form-control wpcf7-submit has-spinner\" type=\"submit\" value=\"Kontakt aufnehmen\" \/>\n\t<\/p>\n<\/div><div class=\"wpcf7-response-output\" aria-hidden=\"true\"><\/div>\n<\/form>\n<\/div>\n\t\t\t\t<\/div>\n\t\t\t\t<\/div>\n\t\t\t\t\t<\/div>\n\t\t<\/div>\n\t\t\t\t\t<\/div>\n\t\t<\/section>\n\t\t\t\t\t<\/div>\n\t\t<\/div>\n\t\t\t\t\t<\/div>\n\t\t<\/section>\n\t\t\t\t<section class=\"elementor-section elementor-top-section elementor-element elementor-element-fe27db9 scheme_default elementor-section-boxed elementor-section-height-default elementor-section-height-default sc_fly_static\" data-id=\"fe27db9\" data-element_type=\"section\">\n\t\t\t\t\t\t<div class=\"elementor-container elementor-column-gap-extended\">\n\t\t\t\t\t<div class=\"elementor-column elementor-col-100 elementor-top-column elementor-element elementor-element-31e9fb8 sc_content_align_inherit sc_layouts_column_icons_position_left sc_fly_static\" data-id=\"31e9fb8\" data-element_type=\"column\">\n\t\t\t<div class=\"elementor-widget-wrap elementor-element-populated\">\n\t\t\t\t\t\t<div class=\"elementor-element elementor-element-87ab8a1 sc_height_huge sc_fly_static elementor-widget elementor-widget-spacer\" data-id=\"87ab8a1\" data-element_type=\"widget\" data-widget_type=\"spacer.default\">\n\t\t\t\t<div class=\"elementor-widget-container\">\n\t\t\t\t\t\t\t<div class=\"elementor-spacer\">\n\t\t\t<div class=\"elementor-spacer-inner\"><\/div>\n\t\t<\/div>\n\t\t\t\t\t\t<\/div>\n\t\t\t\t<\/div>\n\t\t\t\t\t<\/div>\n\t\t<\/div>\n\t\t\t\t\t<\/div>\n\t\t<\/section>\n\t\t\t\t<section class=\"elementor-section elementor-top-section elementor-element elementor-element-58d5110 elementor-section-full_width elementor-section-stretched tc_google_map elementor-section-height-default elementor-section-height-default sc_fly_static\" data-id=\"58d5110\" data-element_type=\"section\" data-settings=\"{&quot;stretch_section&quot;:&quot;section-stretched&quot;}\">\n\t\t\t\t\t\t<div class=\"elementor-container elementor-column-gap-no\">\n\t\t\t\t\t<div class=\"elementor-column elementor-col-100 elementor-top-column elementor-element elementor-element-77465ef sc_content_align_inherit sc_layouts_column_icons_position_left sc_fly_static\" data-id=\"77465ef\" data-element_type=\"column\">\n\t\t\t<div class=\"elementor-widget-wrap elementor-element-populated\">\n\t\t\t\t\t\t<div class=\"elementor-element elementor-element-9ddca59 sc_fly_static elementor-widget elementor-widget-trx_widget_banner\" data-id=\"9ddca59\" data-element_type=\"widget\" data-widget_type=\"trx_widget_banner.default\">\n\t\t\t\t<div class=\"elementor-widget-container\">\n\t\t\t\t\t<div class=\"widget_area sc_widget_banner\"><aside class=\"widget trx_addons_show_on_permanent widget_banner\"><div id=\"map-placeholder\" style=\"position: relative;\">\n    <img decoding=\"async\" id=\"map-image\" src=\"\/wp-content\/uploads\/2024\/09\/map.jpg\" alt=\"Map preview\" style=\"width: 100%; height: 100%; object-fit: cover;\">\n    <div id=\"map-hover-message\"><div>\n        Diesen Inhalt d\u00fcrfen wir aufgrund Ihrer Cookie-Einstellungen nicht anzeigen. Bitte aktivieren Sie in Ihren <button class=\"cky-banner-element\">Einstellungen<\/button> \"Funktionale\". \n    <\/div><\/div>\n<\/div>\n\n<script>\n\tfunction getCookie(key) {\n\t\tconst cookies = document.cookie\n\t\t\t.split(\";\")\n\t\t\t.reduce(\n\t\t\t\t(ac, cv, i) =>\n\t\t\t\t\tObject.assign(ac, { [cv.split(\"=\")[0].trim()]: cv.split(\"=\")[1] }),\n\t\t\t\t{}\n\t\t\t)[\"cookieyes-consent\"];\n\t\tconst { [key]: value } = cookies\n\t\t\t.split(\",\")\n\t\t\t.reduce(\n\t\t\t\t(obj, pair) => (\n\t\t\t\t  (pair = pair.split(\":\")), (obj[pair[0]] = pair[1]), obj\n\t\t\t\t),\n\t\t\t\t{}\n\t\t\t);\n\t\treturn value;\n\t}\n\n\tfunction loadMap() {\n\t\tdocument.getElementById('map-placeholder').innerHTML = `\n\t\t\t<iframe\n\t\t\t\tsrc=\"https:\/\/maps.google.com\/maps?t=m&output=embed&iwloc=near&z=13&q=Thunderbolt+Collective\"><\/iframe>`;\n\t}\n\n\tdocument.addEventListener(\"cookieyes_consent_update\", function (eventData) {\n\t\tconst data = eventData.detail;\n\t\tif (data.accepted.includes(\"functional\")) {\n\t\t\tloadMap();\n\t\t} else {\n\t\t\tshowMapPlaceholder();\n\t\t}\n\t});\n\n\tfunction showMapPlaceholder() {\n\t\tconst mapPlaceholder = document.getElementById('map-placeholder');\n\t\tconst mapImage = document.getElementById('map-image');\n\t\tconst hoverMessage = document.getElementById('map-hover-message');\n\n\t\tmapPlaceholder.addEventListener('mouseenter', function() {\n\t\t\thoverMessage.style.display = 'flex';\n\t\t});\n\n\t\tmapPlaceholder.addEventListener('mouseleave', function() {\n\t\t\thoverMessage.style.display = 'none';\n\t\t});\n\t}\n\n\t\/\/Check cookie status on page load\n\tif (getCookie(\"consent\") == \"yes\" && getCookie(\"functional\") == \"yes\") {\n\t\tloadMap();\n\t} else {\n\t\tshowMapPlaceholder();\n\t}\n\n<\/script><\/aside><\/div>\t\t\t\t<\/div>\n\t\t\t\t<\/div>\n\t\t\t\t\t<\/div>\n\t\t<\/div>\n\t\t\t\t\t<\/div>\n\t\t<\/section>\n\t\t\t\t<\/div>\n\t\t","protected":false},"excerpt":{"rendered":"<p>Kontakt zum Thunderbolt Collective Du hast Fragen? Kontaktiere uns jetzt! Das Thunderbolt Office Management steht dir f\u00fcr Anfragen zu unseren Mietangeboten und f\u00fcr weitere R\u00fcckfragen gern zur Verf\u00fcgung. Paul-Lincke-Ufer 20-22,&hellip;<\/p>\n","protected":false},"author":1,"featured_media":0,"parent":0,"menu_order":0,"comment_status":"closed","ping_status":"closed","template":"","meta":{"footnotes":""},"class_list":["post-20469","page","type-page","status-publish","hentry"],"_links":{"self":[{"href":"https:\/\/www.thunderbolt-collective.com\/de\/wp-json\/wp\/v2\/pages\/20469","targetHints":{"allow":["GET"]}}],"collection":[{"href":"https:\/\/www.thunderbolt-collective.com\/de\/wp-json\/wp\/v2\/pages"}],"about":[{"href":"https:\/\/www.thunderbolt-collective.com\/de\/wp-json\/wp\/v2\/types\/page"}],"author":[{"embeddable":true,"href":"https:\/\/www.thunderbolt-collective.com\/de\/wp-json\/wp\/v2\/users\/1"}],"replies":[{"embeddable":true,"href":"https:\/\/www.thunderbolt-collective.com\/de\/wp-json\/wp\/v2\/comments?post=20469"}],"version-history":[{"count":21,"href":"https:\/\/www.thunderbolt-collective.com\/de\/wp-json\/wp\/v2\/pages\/20469\/revisions"}],"predecessor-version":[{"id":23151,"href":"https:\/\/www.thunderbolt-collective.com\/de\/wp-json\/wp\/v2\/pages\/20469\/revisions\/23151"}],"wp:attachment":[{"href":"https:\/\/www.thunderbolt-collective.com\/de\/wp-json\/wp\/v2\/media?parent=20469"}],"curies":[{"name":"wp","href":"https:\/\/api.w.org\/{rel}","templated":true}]}}