{"id":21195,"date":"2024-07-07T12:52:15","date_gmt":"2024-07-07T12:52:15","guid":{"rendered":"https:\/\/www.thunderbolt-collective.com\/?page_id=21195"},"modified":"2024-08-28T14:32:08","modified_gmt":"2024-08-28T14:32:08","slug":"ueberuns","status":"publish","type":"page","link":"https:\/\/www.thunderbolt-collective.com\/de\/ueberuns\/","title":{"rendered":"Mehr als ein Gro\u00dfraumb\u00fcro: Das Thunderbolt Collective im Umspannwerk Kreuzberg"},"content":{"rendered":"\t\t<div data-elementor-type=\"wp-page\" data-elementor-id=\"21195\" class=\"elementor elementor-21195\">\n\t\t\t\t\t\t<section class=\"elementor-section elementor-top-section elementor-element elementor-element-55486843 content_narrow_tc elementor-section-boxed elementor-section-height-default elementor-section-height-default sc_fly_static\" data-id=\"55486843\" data-element_type=\"section\">\n\t\t\t\t\t\t<div class=\"elementor-container elementor-column-gap-no\">\n\t\t\t\t\t<div class=\"elementor-column elementor-col-100 elementor-top-column elementor-element elementor-element-3441602a sc_content_align_inherit sc_layouts_column_icons_position_left sc_fly_static\" data-id=\"3441602a\" data-element_type=\"column\">\n\t\t\t<div class=\"elementor-widget-wrap elementor-element-populated\">\n\t\t\t\t\t\t<div class=\"elementor-element elementor-element-75fa01f sc_fly_static elementor-widget elementor-widget-heading\" data-id=\"75fa01f\" data-element_type=\"widget\" data-widget_type=\"heading.default\">\n\t\t\t\t<div class=\"elementor-widget-container\">\n\t\t\t\t\t<h2 class=\"elementor-heading-title elementor-size-default\">Thunderbolt Collective: Workspaces since 2013<\/h2>\t\t\t\t<\/div>\n\t\t\t\t<\/div>\n\t\t\t\t<div class=\"elementor-element elementor-element-2d2be52 sc_height_small sc_fly_static elementor-widget elementor-widget-spacer\" data-id=\"2d2be52\" data-element_type=\"widget\" data-widget_type=\"spacer.default\">\n\t\t\t\t<div class=\"elementor-widget-container\">\n\t\t\t\t\t\t\t<div class=\"elementor-spacer\">\n\t\t\t<div class=\"elementor-spacer-inner\"><\/div>\n\t\t<\/div>\n\t\t\t\t\t\t<\/div>\n\t\t\t\t<\/div>\n\t\t\t\t<div class=\"elementor-element elementor-element-71bb7e8 sc_fly_static elementor-widget elementor-widget-text-editor\" data-id=\"71bb7e8\" data-element_type=\"widget\" data-widget_type=\"text-editor.default\">\n\t\t\t\t<div class=\"elementor-widget-container\">\n\t\t\t\t\t\t\t\t\t<p>Willkommen im Thunderbolt Collective, einem innovativen Co-Working- und Office-Space im Umspannwerk Berlin. In einer der dynamischsten Gegenden der Hauptstadt, dem lebendigen Kiez Kreuzberg, bieten wir eine einzigartige Arbeitsumgebung, die darauf ausgerichtet ist, Kreativit\u00e4t und Produktivit\u00e4t zu f\u00f6rdern. Und das seit 2013.<\/p><h5 class=\"wp-block-heading\">Unser Ansatz<\/h5><p>Im Thunderbolt Collective glauben wir, dass die beste Arbeit in einer fruchtbaren Umgebung entsteht. Deshalb haben wir einen Ort geschaffen, der nicht nur funktional, sondern auch inspirierend ist. Von hochmodernen B\u00fcrofl\u00e4chen und Meetingr\u00e4umen bis hin zu entspannenden Chillout Areas \u2013 hier findet jeder seinen Platz.<\/p><h5 class=\"wp-block-heading\">Unsere Community<\/h5><p>Das Thunderbolt Collective ist mehr als nur ein Ort zum Arbeiten; es ist eine Community von Gleichgesinnten, die Wert auf eine entspannte Arbeitsatmosph\u00e4re legen. Unser Workspace l\u00e4dt zum Networking, zu spontanen Meet-ups und gemeinsamen After-Work-Aktivit\u00e4ten ein und bereichert so das t\u00e4gliche Leben unserer Community.<br \/>Zu den Unternehmen, die unseren Workspace nutzen bzw. genutzt haben, geh\u00f6ren unter anderem:<\/p>\t\t\t\t\t\t\t\t<\/div>\n\t\t\t\t<\/div>\n\t\t\t\t<div class=\"elementor-element elementor-element-48ec7ae6 alter_clients sc_fly_static elementor-widget elementor-widget-trx_widget_slider\" data-id=\"48ec7ae6\" data-element_type=\"widget\" id=\"clients_tc\" data-widget_type=\"trx_widget_slider.default\">\n\t\t\t\t<div class=\"elementor-widget-container\">\n\t\t\t\t\t<div id=\"clients_tc_sc\" class=\"widget_area sc_widget_slider\"><aside class=\"widget widget_slider\">\t\t\t<div class=\"slider_wrap slider_engine_swiper\">\n\t\t\t\t<div id=\"clients_tc_sc_swiper_outer\" class=\"slider_outer slider_swiper_outer slider_style_default slider_source_custom slider_outer_direction_horizontal slider_outer_multi slider_outer_nopagination slider_outer_nocontrols slider_outer_nocentered slider_outer_overflow_hidden slider_outer_notitles slider_outer_height_fixed\" style=\"height:80px;\"><div id=\"clients_tc_sc_swiper\" class=\"slider_container slider_swiper swiper-slider-container slider_direction_horizontal slider_nopagination slider_multi slider_type_images slider_nocontrols slider_nocentered slider_overflow_hidden slider_notitles slider_noresize slider_swipe slider_height_fixed\" style=\"height: 100%;\" data-interval=\"7000\" data-speed=\"600\" data-effect=\"slide\" data-pagination=\"bullets\" data-direction=\"horizontal\" data-slides-per-view=\"3\" data-slides-space=\"0\" data-slides-parallax=\"0\" data-slides-centered=\"0\" data-slides-overflow=\"0\" data-mouse-wheel=\"0\" data-autoplay=\"1\" data-loop=\"0\" data-free-mode=\"0\" data-slides-min-width=\"220\" data-slides-per-view-breakpoints=\"{&quot;999999&quot;:3}\" data-slides-space-breakpoints=\"{&quot;999999&quot;:&quot;0&quot;}\"><div class=\"slider-wrapper swiper-wrapper\"><div  class=\"slider-slide swiper-slide\" data-image=\"\/\/www.thunderbolt-collective.com\/wp-content\/uploads\/2024\/07\/mit-wem_magnalister_logo.png\" data-title=\"magnalister\" style=\"\"><img decoding=\"async\" src=\"\/\/www.thunderbolt-collective.com\/wp-content\/uploads\/2024\/07\/mit-wem_magnalister_logo.png\" alt=\"magnalister\"><\/div><div  class=\"slider-slide swiper-slide\" data-image=\"\/\/www.thunderbolt-collective.com\/wp-content\/uploads\/2024\/07\/mit-wem_iplytics_logo.png\" data-title=\"iplytics\" style=\"\"><img decoding=\"async\" src=\"\/\/www.thunderbolt-collective.com\/wp-content\/uploads\/2024\/07\/mit-wem_iplytics_logo.png\" alt=\"iplytics\"><\/div><div  class=\"slider-slide swiper-slide\" data-image=\"\/\/www.thunderbolt-collective.com\/wp-content\/uploads\/2024\/07\/mit-wem_brody_associates_logo.png\" data-title=\"brodyassociates\" style=\"\"><img decoding=\"async\" src=\"\/\/www.thunderbolt-collective.com\/wp-content\/uploads\/2024\/07\/mit-wem_brody_associates_logo.png\" alt=\"brodyassociates\"><\/div><div  class=\"slider-slide swiper-slide\" data-image=\"\/\/www.thunderbolt-collective.com\/wp-content\/uploads\/2024\/07\/AJS_logo_black.svg\" data-title=\"ajs\" style=\"\"><img decoding=\"async\" src=\"\/\/www.thunderbolt-collective.com\/wp-content\/uploads\/2024\/07\/AJS_logo_black.svg\" alt=\"ajs\"><\/div><div  class=\"slider-slide swiper-slide\" data-image=\"\/\/www.thunderbolt-collective.com\/wp-content\/uploads\/2024\/07\/getaround-logo-black.svg\" data-title=\"getaround\" style=\"\"><img decoding=\"async\" src=\"\/\/www.thunderbolt-collective.com\/wp-content\/uploads\/2024\/07\/getaround-logo-black.svg\" alt=\"getaround\"><\/div><div  class=\"slider-slide swiper-slide\" data-image=\"\/\/www.thunderbolt-collective.com\/wp-content\/uploads\/2024\/07\/bewotec_logo_black.png\" data-title=\"bewotec\" style=\"\"><img decoding=\"async\" src=\"\/\/www.thunderbolt-collective.com\/wp-content\/uploads\/2024\/07\/bewotec_logo_black.png\" alt=\"bewotec\"><\/div><div  class=\"slider-slide swiper-slide\" data-image=\"\/\/www.thunderbolt-collective.com\/wp-content\/uploads\/2024\/07\/4TFM-E-Commerce-Agentur-GmbH-black.png\" data-title=\"4tfm\" style=\"\"><img decoding=\"async\" src=\"\/\/www.thunderbolt-collective.com\/wp-content\/uploads\/2024\/07\/4TFM-E-Commerce-Agentur-GmbH-black.png\" alt=\"4tfm\"><\/div><div  class=\"slider-slide swiper-slide\" data-image=\"\/\/www.thunderbolt-collective.com\/wp-content\/uploads\/2024\/07\/RLYL_black.png\" data-title=\"rlyl\" style=\"\"><img decoding=\"async\" src=\"\/\/www.thunderbolt-collective.com\/wp-content\/uploads\/2024\/07\/RLYL_black.png\" alt=\"rlyl\"><\/div><div  class=\"slider-slide swiper-slide\" data-image=\"\/\/www.thunderbolt-collective.com\/wp-content\/uploads\/2024\/07\/XAnge_black.svg\" data-title=\"xange\" style=\"\"><img decoding=\"async\" src=\"\/\/www.thunderbolt-collective.com\/wp-content\/uploads\/2024\/07\/XAnge_black.svg\" alt=\"xange\"><\/div><\/div><\/div><\/div>\t\t\t<\/div>\n\t\t\t<\/aside><\/div>\t\t\t\t<\/div>\n\t\t\t\t<\/div>\n\t\t\t\t<div class=\"elementor-element elementor-element-8cdb466 sc_fly_static elementor-widget elementor-widget-text-editor\" data-id=\"8cdb466\" data-element_type=\"widget\" data-widget_type=\"text-editor.default\">\n\t\t\t\t<div class=\"elementor-widget-container\">\n\t\t\t\t\t\t\t\t\t<h5 class=\"wp-block-heading\">Unsere Lage<\/h5><p>Gelegen am Paul-Lincke-Ufer bietet das Thunderbolt Collective nicht nur eine malerische Umgebung, sondern auch direkten Zugang zu allem, was Kreuzberg zu bieten hat \u2013 von trendigen Caf\u00e9s und Restaurants bis hin zu kulturellen Highlights und lokalen M\u00e4rkten.<\/p><h5 class=\"wp-block-heading\">Trete unserer Community bei<\/h5><p>Entdecke, warum das Thunderbolt Collective der ideale Ort f\u00fcr kreative K\u00f6pfe, innovative Start-ups und etablierte Unternehmen ist, die eine flexible und anregende Arbeitsumgebung suchen. Besuche uns im Umspannwerk Kreuzberg und erlebe selbst, wie wir Arbeit neu definieren. <a href=\"\/de\/kontakt\">Nimm jetzt Kontakt mit uns auf<\/a>.<\/p>\t\t\t\t\t\t\t\t<\/div>\n\t\t\t\t<\/div>\n\t\t\t\t\t<\/div>\n\t\t<\/div>\n\t\t\t\t\t<\/div>\n\t\t<\/section>\n\t\t\t\t<\/div>\n\t\t","protected":false},"excerpt":{"rendered":"<p>Thunderbolt Collective: Workspaces since 2013 Willkommen im Thunderbolt Collective, einem innovativen Co-Working- und Office-Space im Umspannwerk Berlin. In einer der dynamischsten Gegenden der Hauptstadt, dem lebendigen Kiez Kreuzberg, bieten wir&hellip;<\/p>\n","protected":false},"author":1,"featured_media":22470,"parent":0,"menu_order":0,"comment_status":"closed","ping_status":"closed","template":"elementor_header_footer","meta":{"footnotes":""},"class_list":["post-21195","page","type-page","status-publish","has-post-thumbnail","hentry"],"_links":{"self":[{"href":"https:\/\/www.thunderbolt-collective.com\/de\/wp-json\/wp\/v2\/pages\/21195","targetHints":{"allow":["GET"]}}],"collection":[{"href":"https:\/\/www.thunderbolt-collective.com\/de\/wp-json\/wp\/v2\/pages"}],"about":[{"href":"https:\/\/www.thunderbolt-collective.com\/de\/wp-json\/wp\/v2\/types\/page"}],"author":[{"embeddable":true,"href":"https:\/\/www.thunderbolt-collective.com\/de\/wp-json\/wp\/v2\/users\/1"}],"replies":[{"embeddable":true,"href":"https:\/\/www.thunderbolt-collective.com\/de\/wp-json\/wp\/v2\/comments?post=21195"}],"version-history":[{"count":9,"href":"https:\/\/www.thunderbolt-collective.com\/de\/wp-json\/wp\/v2\/pages\/21195\/revisions"}],"predecessor-version":[{"id":23075,"href":"https:\/\/www.thunderbolt-collective.com\/de\/wp-json\/wp\/v2\/pages\/21195\/revisions\/23075"}],"wp:featuredmedia":[{"embeddable":true,"href":"https:\/\/www.thunderbolt-collective.com\/de\/wp-json\/wp\/v2\/media\/22470"}],"wp:attachment":[{"href":"https:\/\/www.thunderbolt-collective.com\/de\/wp-json\/wp\/v2\/media?parent=21195"}],"curies":[{"name":"wp","href":"https:\/\/api.w.org\/{rel}","templated":true}]}}