{"id":21354,"date":"2024-07-07T17:17:41","date_gmt":"2024-07-07T17:17:41","guid":{"rendered":"https:\/\/www.thunderbolt-collective.com\/?page_id=21354"},"modified":"2025-04-01T16:53:58","modified_gmt":"2025-04-01T14:53:58","slug":"tagespass","status":"publish","type":"page","link":"https:\/\/www.thunderbolt-collective.com\/de\/preise\/tagespass\/","title":{"rendered":"Tagespass"},"content":{"rendered":"\t\t<div data-elementor-type=\"wp-page\" data-elementor-id=\"21354\" class=\"elementor elementor-21354\">\n\t\t\t\t\t\t<section class=\"elementor-section elementor-top-section elementor-element elementor-element-efe006e elementor-section-boxed elementor-section-height-default elementor-section-height-default sc_fly_static\" data-id=\"efe006e\" data-element_type=\"section\" id=\"pricing_page\">\n\t\t\t\t\t\t<div class=\"elementor-container elementor-column-gap-extended\">\n\t\t\t\t\t<div class=\"elementor-column elementor-col-66 elementor-top-column elementor-element elementor-element-0f1dd21 sc_content_align_inherit sc_layouts_column_icons_position_left sc_fly_static\" data-id=\"0f1dd21\" data-element_type=\"column\">\n\t\t\t<div class=\"elementor-widget-wrap elementor-element-populated\">\n\t\t\t\t\t\t<div class=\"elementor-element elementor-element-3b3e1a8 sc_fly_static elementor-widget elementor-widget-html\" data-id=\"3b3e1a8\" data-element_type=\"widget\" data-widget_type=\"html.default\">\n\t\t\t\t<div class=\"elementor-widget-container\">\n\t\t\t\t\t<script>\n  document.addEventListener('DOMContentLoaded', function() {\n    var bookButton = document.getElementById('book_button');\n    if (bookButton) {\n      bookButton.addEventListener('click', function(event) {\n        event.preventDefault(); \n        gtag_report_conversion(bookButton.href); \n      });\n    }\n  });\n  \nfunction gtag_report_conversion(url) {\n  if (window.getCkyConsent) {\n    const consent = getCkyConsent();\n\n    if (consent.categories.advertisement) {\n      var callback = function () {\n        if (typeof(url) != 'undefined') {\n          window.open(url, '_blank', 'noopener'); \n        }\n      };\n\n      \/\/ Send the conversion event only if advertisement cookies are accepted\n      gtag('event', 'conversion', {\n          'send_to': 'AW-1059609072\/GjbfCJGqgc4ZEPCzofkD',\n          'event_callback': callback\n      });\n\n      return false;\n    } else {\n      window.open(url, '_blank', 'noopener');\n      return false;\n    }\n  } else {\n    window.open(url, '_blank', 'noopener');\n    return false;\n  }\n}\n<\/script>\t\t\t\t<\/div>\n\t\t\t\t<\/div>\n\t\t\t\t<div class=\"elementor-element elementor-element-4aa62b3 sc_fly_static elementor-widget elementor-widget-image\" data-id=\"4aa62b3\" data-element_type=\"widget\" data-widget_type=\"image.default\">\n\t\t\t\t<div class=\"elementor-widget-container\">\n\t\t\t\t\t\t\t\t\t\t\t\t\t\t\t<img fetchpriority=\"high\" decoding=\"async\" width=\"2560\" height=\"1707\" src=\"https:\/\/www.thunderbolt-collective.com\/wp-content\/uploads\/2024\/07\/Thunderbolt-Collective-16-scaled.jpg\" class=\"attachment-full size-full wp-image-22267\" alt=\"\" srcset=\"https:\/\/www.thunderbolt-collective.com\/wp-content\/uploads\/2024\/07\/Thunderbolt-Collective-16-scaled.jpg 2560w, https:\/\/www.thunderbolt-collective.com\/wp-content\/uploads\/2024\/07\/Thunderbolt-Collective-16-300x200.jpg 300w, https:\/\/www.thunderbolt-collective.com\/wp-content\/uploads\/2024\/07\/Thunderbolt-Collective-16-1024x683.jpg 1024w, https:\/\/www.thunderbolt-collective.com\/wp-content\/uploads\/2024\/07\/Thunderbolt-Collective-16-768x512.jpg 768w, https:\/\/www.thunderbolt-collective.com\/wp-content\/uploads\/2024\/07\/Thunderbolt-Collective-16-1536x1024.jpg 1536w, https:\/\/www.thunderbolt-collective.com\/wp-content\/uploads\/2024\/07\/Thunderbolt-Collective-16-2048x1365.jpg 2048w, https:\/\/www.thunderbolt-collective.com\/wp-content\/uploads\/2024\/07\/Thunderbolt-Collective-16-370x247.jpg 370w, https:\/\/www.thunderbolt-collective.com\/wp-content\/uploads\/2024\/07\/Thunderbolt-Collective-16-840x560.jpg 840w, https:\/\/www.thunderbolt-collective.com\/wp-content\/uploads\/2024\/07\/Thunderbolt-Collective-16-410x273.jpg 410w\" sizes=\"(max-width: 2560px) 100vw, 2560px\" \/>\t\t\t\t\t\t\t\t\t\t\t\t\t\t\t<\/div>\n\t\t\t\t<\/div>\n\t\t\t\t<div class=\"elementor-element elementor-element-324008a price_page_heading sc_fly_static elementor-widget elementor-widget-text-editor\" data-id=\"324008a\" data-element_type=\"widget\" data-widget_type=\"text-editor.default\">\n\t\t\t\t<div class=\"elementor-widget-container\">\n\t\t\t\t\t\t\t\t\t<h3 class=\"elementor-heading-title\">Day Pass<\/h3><h4 class=\"elementor-heading-title\">29 EUR\u00a0<\/h4><p>pro Person <small>zzgl. MwSt.<\/small><\/p>\t\t\t\t\t\t\t\t<\/div>\n\t\t\t\t<\/div>\n\t\t\t\t<div class=\"elementor-element elementor-element-03c1f94 price_page_tc sc_fly_static elementor-widget elementor-widget-text-editor\" data-id=\"03c1f94\" data-element_type=\"widget\" data-widget_type=\"text-editor.default\">\n\t\t\t\t<div class=\"elementor-widget-container\">\n\t\t\t\t\t\t\t\t\t<p><b>Buchbar: <\/b>Montags bis Freitags<br \/><b>G\u00fcltigkeit:<\/b> 9:00 &#8211; 18:00 Uhr<br \/><b>Thunderbolt Collective Mitgliedschaft<\/b>: Nicht erforderlich<\/p><p><b>Zubuchbar:<\/b><\/p><ul><li>Konferenzraum klein oder gro\u00df (29 Euro pro Person)<\/li><li>Pers\u00f6nliches Schlie\u00dffach (19 Euro)<\/li><li>Monitor-Leihe (10 Euro)<\/li><\/ul><p>Dein Day Pass f\u00fcr unseren Workspace: Buche dir spontan und flexibel einen Arbeitsplatz im Thunderbolt Collective.<\/p><p>Dein moderner Arbeitsplatz ist ausgestattet mit Strom und Highspeed Internet (300 Mbit) per LAN und WLAN.<\/p><p>Dar\u00fcber hinaus kannst du unsere voll ausgestattete K\u00fcche, unser kostenfreies Getr\u00e4nkeangebot sowie unsere Chillout- und Fun-Areas nutzen. Du hast au\u00dferdem Zugriff auf Drucker, Kopierer und Scanner.<\/p><p>Meetingr\u00e4ume kannst du (je nach Verf\u00fcgbarkeit) im Bestellprozess hinzubuchen.<\/p><p><b>Unsere 3D-Tour:<\/b> <a href=\"https:\/\/www.thunderbolt-collective.com\/de\/#rundgang\">Erlebe jetzt unseren Workspace in unserer virtuellen Tour.<\/a><\/p><p>Weitere Hinweise:<br \/>Die Nutzung des Workspaces als Sitz, Gesch\u00e4fts-, Verwaltungs- oder Postadresse ist im Tagespass nicht enthalten.<\/p><p>Thunderbolt Collective Datenschutzerkl\u00e4rung:<br \/><a href=\"https:\/\/www.thunderbolt-collective.com\/de\/datenschutz\">https:\/\/www.thunderbolt-collective.com\/de\/datenschutz<\/a><\/p>\t\t\t\t\t\t\t\t<\/div>\n\t\t\t\t<\/div>\n\t\t\t\t\t<\/div>\n\t\t<\/div>\n\t\t\t\t<div class=\"elementor-column elementor-col-33 elementor-top-column elementor-element elementor-element-a74ce85 sidebar widget_area right sidebar_below sidebar_default scheme_default sc_column_fixed sc_shift_y_tiny sc_content_align_inherit sc_layouts_column_icons_position_left sc_fly_static\" data-id=\"a74ce85\" data-element_type=\"column\">\n\t\t\t<div class=\"elementor-widget-wrap elementor-element-populated\">\n\t\t\t\t\t\t<section class=\"elementor-section elementor-inner-section elementor-element elementor-element-03b852b elementor-section-boxed elementor-section-height-default elementor-section-height-default sc_fly_static\" data-id=\"03b852b\" data-element_type=\"section\">\n\t\t\t\t\t\t<div class=\"elementor-container elementor-column-gap-extended\">\n\t\t\t\t\t<div class=\"elementor-column elementor-col-100 elementor-inner-column elementor-element elementor-element-11933d6 sidebar_inner sc_content_align_inherit sc_layouts_column_icons_position_left sc_fly_static\" data-id=\"11933d6\" data-element_type=\"column\">\n\t\t\t<div class=\"elementor-widget-wrap elementor-element-populated\">\n\t\t\t\t\t\t<div class=\"elementor-element elementor-element-d3e0809 booking-form-title widget sc_fly_static elementor-widget elementor-widget-text-editor\" data-id=\"d3e0809\" data-element_type=\"widget\" data-widget_type=\"text-editor.default\">\n\t\t\t\t<div class=\"elementor-widget-container\">\n\t\t\t\t\t\t\t\t\t<h3>Day Pass<\/h3>\n<p>29.00\u20ac \/ Person<\/p>\t\t\t\t\t\t\t\t<\/div>\n\t\t\t\t<\/div>\n\t\t\t\t<div class=\"elementor-element elementor-element-56d990c widget sc_fly_static elementor-widget elementor-widget-html\" data-id=\"56d990c\" data-element_type=\"widget\" data-widget_type=\"html.default\">\n\t\t\t\t<div class=\"elementor-widget-container\">\n\t\t\t\t\t<div class=\"woocommerce\">\n\t<div id=\"product-23634\" class=\"product type-product yith-wcbk-shortcode-booking-form\">\n\t\t<div class=\"yith_wcbk_booking_form_shortcode_summary\">\n\t\t\t<h1 class=\"product_title entry-title\">Day Pass<\/h1><p class=\"price\"><span class=\"woocommerce-Price-amount amount\"><bdi>29.00<span class=\"woocommerce-Price-currencySymbol\">&euro;<\/span><\/bdi><\/span><span class=\"yith-wcbk-booking-product-price-unit\"> \/ Tag<\/span><\/p>\n\n<form class=\"cart\" method=\"post\" enctype='multipart\/form-data'>\n\n\t<input type=\"hidden\" name=\"add-to-cart\" value=\"23634\"\/>\n\n\t<div\n\t\tclass=\"yith-wcbk-booking-form\"\n\t\tdata-product-id=\"23634\"\n\t\tdata-booking_data=\"{&quot;minimum_number_of_people&quot;:1,&quot;maximum_number_of_people&quot;:0,&quot;duration&quot;:1,&quot;duration_unit&quot;:&quot;day&quot;,&quot;minimum_duration&quot;:1,&quot;maximum_duration&quot;:1,&quot;full_day&quot;:&quot;no&quot;,&quot;min_persons&quot;:1,&quot;max_persons&quot;:0,&quot;all_day&quot;:&quot;no&quot;}\"\n>\n\n<div class=\"yith-wcbk-form-section-resources-wrapper yith-wcbk-form-section-wrapper\">\n\t<div class='yith-wcbk-form-section yith-wcbk-form-section-resources'>\n\t\t<label class='yith-wcbk-form-section__label yith-wcbk-booking-form__label'>Zus\u00e4tzliche Services<\/label>\n\t\t<div class='yith-wcbk-form-section__content'>\n\t\t\t\n<div id=\"yith-wcbk-booking-resources-23634\"\n\t\tclass=\"yith-wcbk-selector yith-wcbk-selector--list-layout yith-wcbk-booking-resource yith-wcbk-selector--multiple\"\n\t\tdata-placeholder=\"\"\n\t\tdata-options=\"[{&quot;label&quot;:&quot;Monitor rental&quot;,&quot;image_id&quot;:0,&quot;description&quot;:&quot;+ &lt;span class=\\&quot;woocommerce-Price-amount amount\\&quot;&gt;&lt;bdi&gt;10.00&lt;span class=\\&quot;woocommerce-Price-currencySymbol\\&quot;&gt;&euro;&lt;\\\/span&gt;&lt;\\\/bdi&gt;&lt;\\\/span&gt; \\\/ Tag&quot;,&quot;image&quot;:&quot;&quot;,&quot;key&quot;:23629},{&quot;label&quot;:&quot;Personal locker&quot;,&quot;image_id&quot;:0,&quot;description&quot;:&quot;+ &lt;span class=\\&quot;woocommerce-Price-amount amount\\&quot;&gt;&lt;bdi&gt;19.00&lt;span class=\\&quot;woocommerce-Price-currencySymbol\\&quot;&gt;&euro;&lt;\\\/span&gt;&lt;\\\/bdi&gt;&lt;\\\/span&gt; \\\/ Tag&quot;,&quot;image&quot;:&quot;&quot;,&quot;key&quot;:23630}]\"\n\t\tdata-selected=\"[]\"\n\t\tdata-multiple=\"1\"\n\t\tdata-allow-clear=\"1\"\n\n\t\t>\n\t<select\n\t\t\tclass=\"yith-wcbk-selector__field yith-wcbk-booking-form-additional-data\"\n\t\t\tname=\"resource_ids[]\"\n\n\t\t\t\t\tmultiple\n\t\t\t>\n\t\t\n\t\t\t\t\t\t\t\t<option\n\t\t\t\t\tvalue=\"23629\"\n\t\t\t\t\t\t\t>Monitor rental<\/option>\n\n\t\t\t\t\t\t\t\t<option\n\t\t\t\t\tvalue=\"23630\"\n\t\t\t\t\t\t\t>Personal locker<\/option>\n\n\t\t\t<\/select>\n\n\t\t<div class=\"yith-wcbk-selector__list\">\n\t\t<div class=\"yith-wcbk-selector__items\">\n\t\t\t\t\t\t\t\t\t\t\t<div class=\"yith-wcbk-selector__item\" data-key=\"23629\">\n\n\t\t\t\t\t\t\t\t\t\t\t<div class=\"yith-wcbk-selector__item__check\"><\/div>\n\t\t\t\t\t\n\t\t\t\t\t\n\t\t\t\t\t<div class=\"yith-wcbk-selector__item__content\">\n                                                 \n\t\t\t\t\t\t<div class=\"yith-wcbk-selector__item__label\">Monitor-Leihe<\/div>\n\t\t\t\t\t\t\t\t\t\t\t\t\t<div class=\"yith-wcbk-selector__item__description\">+ <span class=\"woocommerce-Price-amount amount\">10.00<span class=\"woocommerce-Price-currencySymbol\">&euro;<\/span><\/span> \/ Tag<\/div>\n\t\t\t\t\t\t\t\t\t\t\t<\/div>\n\t\t\t\t<\/div>\n\t\t\t\t\t\t\t\t\t\t\t<div class=\"yith-wcbk-selector__item\" data-key=\"23630\">\n\n\t\t\t\t\t\t\t\t\t\t\t<div class=\"yith-wcbk-selector__item__check\"><\/div>\n\t\t\t\t\t\n\t\t\t\t\t\n\t\t\t\t\t<div class=\"yith-wcbk-selector__item__content\">\n                                                 \n\t\t\t\t\t\t<div class=\"yith-wcbk-selector__item__label\">Pers\u00f6nliches Schlie\u00dffach<\/div>\n\t\t\t\t\t\t\t\t\t\t\t\t\t<div class=\"yith-wcbk-selector__item__description\">+ <span class=\"woocommerce-Price-amount amount\">19.00<span class=\"woocommerce-Price-currencySymbol\">&euro;<\/span><\/span> \/ Tag<\/div>\n\t\t\t\t\t\t\t\t\t\t\t<\/div>\n\t\t\t\t<\/div>\n\t\t\t\t\t<\/div>\n\t\t\t\t\t<div class=\"yith-wcbk-selector__footer\">\n\t\t\t\t\t\t\t\t\t<span class=\"yith-wcbk-selector__link yith-wcbk-selector__clear\">L\u00f6schen<\/span>\n\t\t\t\t\t\t\t\t\t\t\t<\/div>\n\t\t\t<\/div>\n<\/div>\n\t\t<\/div>\n\t<\/div>\n<\/div>\n<div class=\"yith-wcbk-form-section-dates-wrapper yith-wcbk-form-section-wrapper\">\n\t<div class=\"yith-wcbk-form-section yith-wcbk-form-section-dates \">\n\n\t<label for=\"yith-wcbk-booking-start-date-23634\" class='yith-wcbk-form-section__label yith-wcbk-booking-form__label'>Reservierungsdatum<\/label>\n\t<div class=\"yith-wcbk-form-section__content\">\n\t\t<div class=\"yith-wcbk-date-picker-wrapper yith-wcbk-clearfix\">\n\t<input type=\"text\"\n\t\tid=\"yith-wcbk-booking-start-date-23634\"\n\n\t\t\tname=\"start-date\"\n\t\n\t\tclass=\"yith-wcbk-date-picker yith-wcbk-booking-date yith-wcbk-booking-start-date\"\n\t\tvalue=\"\"\n\n\treadonly\t data-type=\"from\" data-all-day=\"no\" data-ajax-load-months=\"yes\" data-min-duration=\"1\" data-month-to-load=\"7\" data-year-to-load=\"2026\" data-min-date=\"+0D\" data-max-date=\"+1Y\" data-not-available-dates=\"[&quot;2026-04-01&quot;,&quot;2026-04-03&quot;,&quot;2026-04-04&quot;,&quot;2026-04-05&quot;,&quot;2026-04-06&quot;,&quot;2026-04-08&quot;,&quot;2026-04-10&quot;,&quot;2026-04-11&quot;,&quot;2026-04-12&quot;,&quot;2026-04-15&quot;,&quot;2026-04-17&quot;,&quot;2026-04-18&quot;,&quot;2026-04-19&quot;,&quot;2026-04-22&quot;,&quot;2026-04-24&quot;,&quot;2026-04-25&quot;,&quot;2026-04-26&quot;,&quot;2026-04-29&quot;,&quot;2026-05-01&quot;,&quot;2026-05-02&quot;,&quot;2026-05-03&quot;,&quot;2026-05-06&quot;,&quot;2026-05-08&quot;,&quot;2026-05-09&quot;,&quot;2026-05-10&quot;,&quot;2026-05-13&quot;,&quot;2026-05-14&quot;,&quot;2026-05-15&quot;,&quot;2026-05-16&quot;,&quot;2026-05-17&quot;,&quot;2026-05-20&quot;,&quot;2026-05-22&quot;,&quot;2026-05-23&quot;,&quot;2026-05-24&quot;,&quot;2026-05-25&quot;,&quot;2026-05-27&quot;,&quot;2026-05-29&quot;,&quot;2026-05-30&quot;,&quot;2026-05-31&quot;,&quot;2026-06-03&quot;,&quot;2026-06-05&quot;,&quot;2026-06-06&quot;,&quot;2026-06-07&quot;,&quot;2026-06-10&quot;,&quot;2026-06-12&quot;,&quot;2026-06-13&quot;,&quot;2026-06-14&quot;,&quot;2026-06-17&quot;,&quot;2026-06-19&quot;,&quot;2026-06-20&quot;,&quot;2026-06-21&quot;,&quot;2026-06-24&quot;,&quot;2026-06-26&quot;,&quot;2026-06-27&quot;,&quot;2026-06-28&quot;]\" data-product-id=\"23634\" data-related-to=\"#yith-wcbk-booking-end-date-23634\" data-allow-same-date=\"no\" data-allowed-days=\"[]\" data-on-select-open=\"#yith-wcbk-booking-end-date-23634\" data-static=\"yes\" data-loaded-months=\"[&quot;2026-04&quot;,&quot;2026-05&quot;,&quot;2026-06&quot;]\" data-months-to-load=\"3\" \/>\n\n\t<input type=\"text\"\n\t\tid=\"yith-wcbk-booking-start-date-23634--formatted\"\n\n\t\n\t\tclass=\"yith-wcbk-date-picker--formatted yith-wcbk-booking-date yith-wcbk-booking-start-date\"\n\t\tvalue=\"\"\n\n\treadonly\t\/>\n\t<span class=\"yith-wcbk-booking-date-icon yith-icon yith-icon-calendar\"><\/span>\n<\/div>\n\n<input type=\"hidden\"\n\t\tid=\"yith-wcbk-booking-hidden-from23634\"\n\n\t\t\tname=\"from\"\n\t\n\t\tclass=\"yith-wcbk-booking-date yith-wcbk-booking-hidden-from\"\n\t\tvalue=\"\"\n\n\t\t\n\/>\n\t<\/div>\n<\/div>\n<div class=\"yith-wcbk-form-section yith-wcbk-form-section-duration yith-wcbk-form-section-duration--type-customer yith-wcbk-form-section-duration--no-field\">\n\t<label for=\"yith-wcbk-booking-duration-23634\" class='yith-wcbk-form-section__label yith-wcbk-booking-form__label'>Dauer<\/label>\n\t<div class=\"yith-wcbk-form-section__content\">\n\t\t\n<input type=\"hidden\"\n\t\tid=\"\"\n\n\t\t\tname=\"duration\"\n\t\n\t\tclass=\"yith-wcbk-booking-duration\"\n\t\tvalue=\"1\"\n\n\tstep=\"1\" min=\"1\" pattern=\"[0-9]*\" inputmode=\"numeric\" max=\"1\"\t\n\/>\n\n\t\t<span class=\"yith-wcbk-booking-duration__label\">1 Tag<\/span>\n\n\t\t\t<\/div>\n<\/div>\n<\/div>\n<div class=\"yith-wcbk-form-section yith-wcbk-form-section-totals\">\n\t<label class='yith-wcbk-form-section__label yith-wcbk-booking-form__label'>Gesamt<\/label>\n\t<div class=\"yith-wcbk-form-section__content\">\n\t\t<div class=\"yith-wcbk-booking-form-totals\"><\/div>\n\t<\/div>\n<\/div>\n<div class=\"yith-wcbk-booking-form-message\"><\/div>\n<\/div>\n\n\t\n\t\n\t<button type=\"submit\" class=\"yith-wcbk-add-to-cart-button single_add_to_cart_button button alt\"\n\t\tdisabled>Jetzt buchen<\/button>\n\n\t\n\t<\/form>\n\n<div class=\"product_meta\">\n\n\t\n\t\n\t<span class=\"posted_in\">Kategorie: <a href=\"https:\/\/www.thunderbolt-collective.com\/de\/produkt-kategorie\/uncategorized-de\/\" rel=\"tag\">Uncategorized<\/a><\/span>\n\t\n\t<span class=\"product_id\">Product ID: <span>23634<\/span><\/span>\n<\/div>\n\t\t<\/div><!-- .summary -->\n\t<\/div>\n<\/div>\n\t\t\t\t<\/div>\n\t\t\t\t<\/div>\n\t\t\t\t\t<\/div>\n\t\t<\/div>\n\t\t\t\t\t<\/div>\n\t\t<\/section>\n\t\t\t\t\t<\/div>\n\t\t<\/div>\n\t\t\t\t\t<\/div>\n\t\t<\/section>\n\t\t\t\t<\/div>\n\t\t","protected":false},"excerpt":{"rendered":"<p>Day Pass 29 EUR\u00a0 pro Person zzgl. MwSt. Buchbar: Montags bis FreitagsG\u00fcltigkeit: 9:00 &#8211; 18:00 UhrThunderbolt Collective Mitgliedschaft: Nicht erforderlich Zubuchbar: Konferenzraum klein oder gro\u00df (29 Euro pro Person) Pers\u00f6nliches&hellip;<\/p>\n","protected":false},"author":1,"featured_media":0,"parent":22114,"menu_order":0,"comment_status":"closed","ping_status":"closed","template":"","meta":{"footnotes":""},"class_list":["post-21354","page","type-page","status-publish","hentry"],"_links":{"self":[{"href":"https:\/\/www.thunderbolt-collective.com\/de\/wp-json\/wp\/v2\/pages\/21354","targetHints":{"allow":["GET"]}}],"collection":[{"href":"https:\/\/www.thunderbolt-collective.com\/de\/wp-json\/wp\/v2\/pages"}],"about":[{"href":"https:\/\/www.thunderbolt-collective.com\/de\/wp-json\/wp\/v2\/types\/page"}],"author":[{"embeddable":true,"href":"https:\/\/www.thunderbolt-collective.com\/de\/wp-json\/wp\/v2\/users\/1"}],"replies":[{"embeddable":true,"href":"https:\/\/www.thunderbolt-collective.com\/de\/wp-json\/wp\/v2\/comments?post=21354"}],"version-history":[{"count":14,"href":"https:\/\/www.thunderbolt-collective.com\/de\/wp-json\/wp\/v2\/pages\/21354\/revisions"}],"predecessor-version":[{"id":23926,"href":"https:\/\/www.thunderbolt-collective.com\/de\/wp-json\/wp\/v2\/pages\/21354\/revisions\/23926"}],"up":[{"embeddable":true,"href":"https:\/\/www.thunderbolt-collective.com\/de\/wp-json\/wp\/v2\/pages\/22114"}],"wp:attachment":[{"href":"https:\/\/www.thunderbolt-collective.com\/de\/wp-json\/wp\/v2\/media?parent=21354"}],"curies":[{"name":"wp","href":"https:\/\/api.w.org\/{rel}","templated":true}]}}