{"id":21622,"date":"2024-07-08T09:55:14","date_gmt":"2024-07-08T09:55:14","guid":{"rendered":"https:\/\/www.thunderbolt-collective.com\/?page_id=21622"},"modified":"2024-07-30T13:49:22","modified_gmt":"2024-07-30T13:49:22","slug":"impressum","status":"publish","type":"page","link":"https:\/\/www.thunderbolt-collective.com\/de\/impressum\/","title":{"rendered":"Impressum"},"content":{"rendered":"\t\t<div data-elementor-type=\"wp-page\" data-elementor-id=\"21622\" class=\"elementor elementor-21622\">\n\t\t\t\t\t\t<section class=\"elementor-section elementor-top-section elementor-element elementor-element-b987189 content_narrow_tc elementor-section-boxed elementor-section-height-default elementor-section-height-default sc_fly_static\" data-id=\"b987189\" data-element_type=\"section\">\n\t\t\t\t\t\t<div class=\"elementor-container elementor-column-gap-extended\">\n\t\t\t\t\t<div class=\"elementor-column elementor-col-100 elementor-top-column elementor-element elementor-element-593bbe6 sc_content_align_inherit sc_layouts_column_icons_position_left sc_fly_static\" data-id=\"593bbe6\" data-element_type=\"column\">\n\t\t\t<div class=\"elementor-widget-wrap elementor-element-populated\">\n\t\t\t\t\t\t<div class=\"elementor-element elementor-element-8f8dded sc_fly_static elementor-widget elementor-widget-text-editor\" data-id=\"8f8dded\" data-element_type=\"widget\" data-widget_type=\"text-editor.default\">\n\t\t\t\t<div class=\"elementor-widget-container\">\n\t\t\t\t\t\t\t\t\t<p>Adresse:<br>Thunderbolt Collective<br>Paul-Lincke-Ufer 20-22<br>10999 Berlin, Deutschland<\/p>\n<p>Gesch\u00e4ftsf\u00fchrer: Peter M\u00e4hner &amp; Semira Stark<\/p>\n<p>Kontakt:<br>Telefon: +49 (0)30 \/ 120 76 74 10<br>Fax: +49 (0)30 \/ 120 76 74 19<br>E-Mail: hello [at] thunderbolt-collective.com<\/p>\n<p>Handelsregister AG Berlin Charlottenburg, HRB 149293<br>Handelskammer IHK Berlin<br>USt-IdNr: DE258556533<\/p>\n<h3>Haftungsausschluss:<\/h3>\n<h5>1. Inhalt<\/h5>\n<p>Der Autor \u00fcbernimmt keinerlei Gew\u00e4hr f\u00fcr die Aktualit\u00e4t, Korrektheit, Vollst\u00e4ndigkeit oder Qualit\u00e4t der bereitgestellten Informationen. Haftungsanspr\u00fcche gegen den Autor, die sich auf Sch\u00e4den materieller oder ideeller Art beziehen, die durch die Nutzung oder Nichtnutzung der dargebotenen Informationen bzw. durch die Nutzung fehlerhafter und unvollst\u00e4ndiger Informationen verursacht wurden, sind grunds\u00e4tzlich ausgeschlossen.<\/p>\n<p>Alle Angebote sind freibleibend und unverbindlich. Der Autor beh\u00e4lt es sich ausdr\u00fccklich vor, Teile der Seiten oder das gesamte Angebot ohne gesonderte Ank\u00fcndigung zu ver\u00e4ndern, zu erg\u00e4nzen, zu l\u00f6schen oder die Ver\u00f6ffentlichung zeitweise oder endg\u00fcltig einzustellen.<\/p>\n<h5>2. Verweise und Links<\/h5>\n<p>Der Autor ist nicht verantwortlich f\u00fcr fremde Inhalte, auf die er direkt oder indirekt verweist \u2013 es sei denn, er hat Kenntnis von rechtswidrigen Inhalten und w\u00e4re technisch in der Lage, die Nutzung der rechtswidrigen Inhalte zu verhindern. F\u00fcr Sch\u00e4den, die aus der Nutzung der dort dargebotenen Informationen entstehen, haftet allein der Anbieter der jeweiligen Seite, nicht derjenige, der \u00fcber Links auf die jeweilige Ver\u00f6ffentlichung lediglich verweist. Der Autor ist ebenfalls nicht verantwortlich f\u00fcr Eintr\u00e4ge von Nutzern in Diskussionsforen, G\u00e4steb\u00fcchern oder Mailinglisten, die auf seiner Seite angeboten werden.<\/p>\n<h5>3. Urheber- und Kennzeichenrecht<\/h5>\n<p>Der Autor ist bestrebt, in allen Publikationen die Urheberrechte der verwendeten Grafiken, Tondokumente, Videosequenzen und Texte zu beachten, von ihm selbst erstellte Grafiken, Tondokumente, Videosequenzen und Texte zu nutzen oder auf lizenzfreie Grafiken, Tondokumente, Videosequenzen und Texte zur\u00fcckzugreifen. Das Copyright f\u00fcr ver\u00f6ffentlichte, vom Autor selbst erstellte Objekte bleibt allein beim Autor der Seiten. Eine Vervielf\u00e4ltigung oder Verwendung solcher Grafiken, Tondokumente, Videosequenzen und Texte in anderen elektronischen oder gedruckten Publikationen ist ohne ausdr\u00fcckliche Zustimmung des Autors nicht gestattet.<\/p>\n<h5>4. Datenschutz<\/h5>\n<p>Sofern innerhalb des Internetangebots die M\u00f6glichkeit zur Eingabe pers\u00f6nlicher oder gesch\u00e4ftlicher Daten (E-Mail-Adressen, Namen, Anschriften) besteht, erfolgt die Preisgabe dieser Daten seitens des Nutzers auf ausdr\u00fccklich freiwilliger Basis. Die Inanspruchnahme und Bezahlung aller angebotenen Dienste ist \u2013 soweit technisch m\u00f6glich und zumutbar \u2013 auch ohne Angabe solcher Daten bzw. unter Angabe anonymisierter Daten oder eines Pseudonyms gestattet. Die Nutzung der im Rahmen des Impressums oder vergleichbarer Angaben ver\u00f6ffentlichten Kontaktdaten wie Postanschriften, Telefon- und Faxnummern sowie E-Mail-Adressen durch Dritte zur \u00dcbersendung von nicht ausdr\u00fccklich angeforderten Informationen ist nicht gestattet. Rechtliche Schritte gegen die Versender von sogenannten Spam-Mails bei Verst\u00f6\u00dfen gegen dieses Verbot sind ausdr\u00fccklich vorbehalten.<\/p>\n<h5>5. Rechtswirksamkeit dieses Haftungsausschlusses<\/h5>\n<p>Dieser Haftungsausschluss ist als Teil des Internetangebotes zu betrachten, von dem aus auf diese Seite verwiesen wurde. Sofern Teile oder einzelne Formulierungen dieses Textes der geltenden Rechtslage nicht, nicht mehr oder nicht vollst\u00e4ndig entsprechen sollten, bleiben die \u00fcbrigen Teile des Dokumentes in ihrem Inhalt und ihrer G\u00fcltigkeit davon unber\u00fchrt.<\/p>\t\t\t\t\t\t\t\t<\/div>\n\t\t\t\t<\/div>\n\t\t\t\t\t<\/div>\n\t\t<\/div>\n\t\t\t\t\t<\/div>\n\t\t<\/section>\n\t\t\t\t<\/div>\n\t\t","protected":false},"excerpt":{"rendered":"<p>Adresse:Thunderbolt CollectivePaul-Lincke-Ufer 20-2210999 Berlin, Deutschland Gesch\u00e4ftsf\u00fchrer: Peter M\u00e4hner &amp; Semira Stark Kontakt:Telefon: +49 (0)30 \/ 120 76 74 10Fax: +49 (0)30 \/ 120 76 74 19E-Mail: hello [at] thunderbolt-collective.com Handelsregister&hellip;<\/p>\n","protected":false},"author":1,"featured_media":0,"parent":0,"menu_order":0,"comment_status":"closed","ping_status":"closed","template":"","meta":{"footnotes":""},"class_list":["post-21622","page","type-page","status-publish","hentry"],"_links":{"self":[{"href":"https:\/\/www.thunderbolt-collective.com\/de\/wp-json\/wp\/v2\/pages\/21622","targetHints":{"allow":["GET"]}}],"collection":[{"href":"https:\/\/www.thunderbolt-collective.com\/de\/wp-json\/wp\/v2\/pages"}],"about":[{"href":"https:\/\/www.thunderbolt-collective.com\/de\/wp-json\/wp\/v2\/types\/page"}],"author":[{"embeddable":true,"href":"https:\/\/www.thunderbolt-collective.com\/de\/wp-json\/wp\/v2\/users\/1"}],"replies":[{"embeddable":true,"href":"https:\/\/www.thunderbolt-collective.com\/de\/wp-json\/wp\/v2\/comments?post=21622"}],"version-history":[{"count":6,"href":"https:\/\/www.thunderbolt-collective.com\/de\/wp-json\/wp\/v2\/pages\/21622\/revisions"}],"predecessor-version":[{"id":23023,"href":"https:\/\/www.thunderbolt-collective.com\/de\/wp-json\/wp\/v2\/pages\/21622\/revisions\/23023"}],"wp:attachment":[{"href":"https:\/\/www.thunderbolt-collective.com\/de\/wp-json\/wp\/v2\/media?parent=21622"}],"curies":[{"name":"wp","href":"https:\/\/api.w.org\/{rel}","templated":true}]}}