{"id":23262,"date":"2024-09-25T08:58:21","date_gmt":"2024-09-25T08:58:21","guid":{"rendered":"https:\/\/www.thunderbolt-collective.com\/?page_id=23262"},"modified":"2024-09-26T10:10:09","modified_gmt":"2024-09-26T10:10:09","slug":"cookie-richtlinie","status":"publish","type":"page","link":"https:\/\/www.thunderbolt-collective.com\/de\/cookie-richtlinie\/","title":{"rendered":"Cookie-Richtlinie"},"content":{"rendered":"\t\t<div data-elementor-type=\"wp-page\" data-elementor-id=\"23262\" class=\"elementor elementor-23262 elementor-23207\">\n\t\t\t\t\t\t<section class=\"elementor-section elementor-top-section elementor-element elementor-element-57fd6fb content_narrow_tc elementor-section-boxed elementor-section-height-default elementor-section-height-default sc_fly_static\" data-id=\"57fd6fb\" data-element_type=\"section\">\n\t\t\t\t\t\t<div class=\"elementor-container elementor-column-gap-extended\">\n\t\t\t\t\t<div class=\"elementor-column elementor-col-100 elementor-top-column elementor-element elementor-element-5021e22 sc_content_align_inherit sc_layouts_column_icons_position_left sc_fly_static\" data-id=\"5021e22\" data-element_type=\"column\">\n\t\t\t<div class=\"elementor-widget-wrap elementor-element-populated\">\n\t\t\t\t\t\t<div class=\"elementor-element elementor-element-81f93cc sc_fly_static elementor-widget elementor-widget-text-editor\" data-id=\"81f93cc\" data-element_type=\"widget\" data-widget_type=\"text-editor.default\">\n\t\t\t\t<div class=\"elementor-widget-container\">\n\t\t\t\t\t\t\t\t\t<p>Diese Cookie-Richtlinie erl\u00e4utert, wie die RedGecko GmbH, Betreiber der Thunderbolt Collective-Website (\u201ewir\u201c, \u201euns\u201c oder \u201eunser\u201c), Cookies und \u00e4hnliche Technologien verwendet, um Informationen zu sammeln und zu speichern, wenn Sie unsere Website besuchen oder unsere Dienste nutzen. Diese Richtlinie erg\u00e4nzt unsere Datenschutzerkl\u00e4rung und liefert ausf\u00fchrliche Informationen dar\u00fcber, wie wir Cookies einsetzen, welche Arten von Cookies wir verwenden und wie Sie deren Nutzung verwalten k\u00f6nnen.<\/p><h4>I. Was sind Cookies?<\/h4><p>Cookies sind kleine Textdateien, die auf Ihrem Ger\u00e4t (Computer, Smartphone, Tablet) gespeichert werden, wenn Sie eine Website besuchen. Sie sorgen daf\u00fcr, dass Websites ordnungsgem\u00e4\u00df funktionieren, verbessern das Nutzererlebnis und liefern wertvolle Informationen an die Betreiber. Es gibt <strong>Sitzungs-Cookies<\/strong>, die gel\u00f6scht werden, sobald Sie Ihren Browser schlie\u00dfen, und <strong>dauerhafte Cookies<\/strong>, die auf Ihrem Ger\u00e4t gespeichert bleiben, bis sie ablaufen oder von Ihnen gel\u00f6scht werden. Cookies lassen sich au\u00dferdem in <strong>Erstanbieter-Cookies<\/strong> unterteilen, die direkt von der besuchten Website stammen, sowie in <strong>Drittanbieter-Cookies<\/strong>, die von externen Dienstleistern \u00fcber die Website gesetzt werden, h\u00e4ufig f\u00fcr Funktionen wie Analysen, Werbung oder eingebettete Inhalte.<\/p><h4>II. Warum nutzen wir Cookies?<\/h4><p>Wir setzen Cookies zu folgenden Zwecken ein:<\/p><ol><li><strong>Notwendige Cookies:<\/strong> Diese Cookies sind unverzichtbar f\u00fcr das ordnungsgem\u00e4\u00dfe Funktionieren unserer Website. Sie erm\u00f6glichen grundlegende Funktionen wie Sicherheit, Netzwerkverwaltung und die Speicherung Ihrer Zustimmungseinstellungen. Sie k\u00f6nnen diese Cookies in unseren Systemen nicht deaktivieren, jedoch Ihren Browser so einstellen, dass er sie blockiert oder Sie dar\u00fcber informiert. Beachten Sie bitte, dass das Blockieren dieser Cookies die Funktionalit\u00e4t der Website beeintr\u00e4chtigen kann.<\/li><li><strong>Funktionale Cookies:<\/strong> Diese Cookies helfen der Website, sich Ihre Einstellungen zu merken und zus\u00e4tzliche Funktionen bereitzustellen, z. B. die Einbindung der 3D-B\u00fcrotour oder interaktiver Karten. Sie werden entweder von uns oder von Drittanbietern gesetzt, deren Dienste wir auf der Website integriert haben. Wenn Sie diese Cookies nicht zulassen, k\u00f6nnen einige dieser Dienste m\u00f6glicherweise nicht korrekt funktionieren.<\/li><li><strong>Marketing-\/Werbe-Cookies:<\/strong> Diese Cookies werden verwendet, um Ihnen relevante Werbung anzuzeigen und den Erfolg unserer Werbekampagnen zu messen. Sie werden haupts\u00e4chlich von unseren Werbepartnern wie Google Ads gesetzt.<\/li><\/ol><h6>Verzeichnis der von uns verwendeten Cookies<\/h6><p>Nachfolgend finden Sie eine \u00dcbersicht der auf unserer Website eingesetzten Cookies, einschlie\u00dflich ihres Zwecks, Typs und ihrer Speicherdauer.<\/p><table><thead><tr><th><strong>Cookie-Name<\/strong><\/th><th><strong>Anbieter<\/strong><\/th><th style=\"min-width: 190px;\"><strong>Zweck<\/strong><\/th><th><strong>Kategorie<\/strong><\/th><th><strong>Speicherdauer<\/strong><\/th><\/tr><\/thead><tbody><tr><td>cookieyes-consent<\/td><td>CookieYes<\/td><td>Speichert die Zustimmung des Nutzers zur Verwendung von Cookies<\/td><td>Notwendig<\/td><td>1 Jahr<\/td><\/tr><tr><td>trx_addons_is_retina<\/td><td>Thunderbolt Collective<\/td><td>Speichert die Zustimmung des Nutzers zur Verwendung von Cookies<\/td><td>Notwendig<\/td><td>Sitzung<\/td><\/tr><tr><td>__cf_bm<\/td><td>Cloudflare<\/td><td>Sch\u00fctzt vor Bots und automatisiertem Zugriff<\/td><td>Notwendig<\/td><td>30 Minuten<\/td><\/tr><tr><td>PHP3d-tourlinsenspektrumde<\/td><td>Linsenspektrum<\/td><td>Unterst\u00fctzt die Funktionalit\u00e4t der 3D-B\u00fcrotour<\/td><td>Funktional<\/td><td>Sitzung<\/td><\/tr><tr><td>mp_{id}_matterport<\/td><td>Matterport<\/td><td>Unterst\u00fctzt die Funktionalit\u00e4t der 3D-B\u00fcrotour<\/td><td>Funktional<\/td><td>1 Jahr<\/td><\/tr><tr><td>NID<\/td><td>Google Maps<\/td><td>Speichert Nutzereinstellungen und andere Informationen im Zusammenhang mit Karten<\/td><td>Funktional<\/td><td>6 Monate<\/td><\/tr><tr><td>IDE<\/td><td>DoubleClick (Google Ads)<\/td><td>Wird f\u00fcr gezielte Werbung und die Analyse der Anzeigenleistung verwendet<\/td><td>Marketing \/ Werbung<\/td><td>1 Jahr<\/td><\/tr><tr><td>test_cookie<\/td><td>DoubleClick (Google Ads)<\/td><td>Pr\u00fcft, ob der Browser des Nutzers Cookies unterst\u00fctzt<\/td><td>Marketing \/ Werbung<\/td><td>15 Minuten<\/td><\/tr><tr><td>_gcl_au<\/td><td>Google Ads<\/td><td>Dient der Speicherung und Verfolgung von Conversions. Hilft bei der Messung der Effektivit\u00e4t von Werbekampagnen \u00fcber verschiedene Websites hinweg<\/td><td>Marketing \/ Werbung<\/td><td>90 Tage<\/td><\/tr><\/tbody><\/table><p><em>\u00a0<\/em><\/p><p><em>Hinweis: Diese Liste wird regelm\u00e4\u00dfig aktualisiert. Bitte besuchen Sie die Seite regelm\u00e4\u00dfig, um stets die neuesten Informationen zu erhalten.<\/em><\/p><h4>III. Rechtsgrundlage f\u00fcr die Verwendung von Cookies<\/h4><p>Die Verarbeitung von Daten durch Cookies erfolgt je nach Art des Cookies auf unterschiedlichen Rechtsgrundlagen:<\/p><ul><li><strong>Notwendige Cookies<\/strong> werden aufgrund unseres berechtigten Interesses an der Gew\u00e4hrleistung der einwandfreien Funktion unserer Website verarbeitet (Art. 6 Abs. 1 lit. f DSGVO).<\/li><li><strong>Funktionale und Marketing-\/Werbe-Cookies<\/strong> werden auf Basis Ihrer ausdr\u00fccklichen Einwilligung verarbeitet (Art. 6 Abs. 1 lit. a DSGVO).<\/li><\/ul><p>Sie k\u00f6nnen Ihre Einwilligung jederzeit widerrufen, indem Sie Ihre Cookie-Einstellungen im untenstehenden Abschnitt anpassen.<\/p><h4>IV. Verwaltung Ihrer Cookie-Pr\u00e4ferenzen<\/h4><p>Zur Verwaltung Ihrer Cookie-Pr\u00e4ferenzen nutzen wir die <strong>CookieYes Consent Management Platform (CMP)<\/strong> in \u00dcbereinstimmung mit der DSGVO. Beim ersten Besuch unserer Website werden Sie aufgefordert, der Nutzung nicht notwendiger Cookies zuzustimmen oder diese abzulehnen. Sie k\u00f6nnen Ihre Cookie-Pr\u00e4ferenzen jederzeit \u00e4ndern oder Ihre Einwilligung widerrufen, indem Sie die Cookie-Einstellungen hier anpassen:<\/p><p><button class=\"cky-banner-element sc_button sc_button_default sc_button_size_small sc_button_icon_left\"><span class=\"sc_button_text\"><span class=\"sc_button_title\">Cookie Einstellungen<\/span><\/span><\/button><\/p><p>Zus\u00e4tzlich k\u00f6nnen Sie in den Einstellungen Ihres Browsers festlegen, ob alle Cookies akzeptiert oder abgelehnt werden, nur bestimmte Arten von Cookies zugelassen werden oder Sie benachrichtigt werden, wenn eine Website ein Cookie speichern m\u00f6chte.<\/p><ul><li><a href=\"https:\/\/support.google.com\/chrome\/answer\/95647?hl=en\" target=\"_blank\" rel=\"noopener noreferrer\">Google Chrome<\/a><\/li><li><a href=\"https:\/\/support.mozilla.org\/en-US\/kb\/enhanced-tracking-protection-firefox-desktop\" target=\"_blank\" rel=\"noopener noreferrer\">Mozilla Firefox<\/a><\/li><li><a href=\"https:\/\/support.microsoft.com\/en-us\/windows\/delete-and-manage-cookies-168dab11-0753-043d-7c16-ede5947fc64d\" target=\"_blank\" rel=\"noopener noreferrer\">Edge (Microsoft)<\/a><\/li><li><a href=\"https:\/\/support.apple.com\/en-us\/guide\/safari\/sfri11471\/mac\" target=\"_blank\" rel=\"noopener noreferrer\">Safari<\/a><\/li><li><a href=\"https:\/\/help.opera.com\/en\/latest\/web-preferences\/#cookies\" target=\"_blank\" rel=\"noopener noreferrer\">Opera<\/a><\/li><\/ul><p>Sie k\u00f6nnen die Verwendung von Cookies f\u00fcr Werbezwecke auch \u00fcber Drittanbieterdienste wie Google verwalten. Weitere Informationen oder die M\u00f6glichkeit zum Abmelden finden Sie hier:<\/p><ul><li><strong>Google Ads Einstellungen<\/strong>: <a href=\"https:\/\/adssettings.google.com\" target=\"_blank\" rel=\"noopener\">https:\/\/adssettings.google.com<\/a><\/li><li><strong>Your Online Choices<\/strong>: <a href=\"http:\/\/www.youronlinechoices.com\/\" target=\"_blank\" rel=\"noopener\">http:\/\/www.youronlinechoices.com\/<\/a><\/li><\/ul><p><strong>Bitte beachten Sie:<\/strong> Das Deaktivieren oder Ablehnen von Cookies kann die Funktionalit\u00e4t unserer Website einschr\u00e4nken und Ihr Surferlebnis beeintr\u00e4chtigen.<\/p><h4>V. \u00c4nderungen dieser Cookie-Richtlinie<\/h4><p>Wir behalten uns vor, diese Cookie-Richtlinie bei Bedarf anzupassen, um technologische Entwicklungen, gesetzliche \u00c4nderungen oder \u00c4nderungen in unseren Gesch\u00e4ftsabl\u00e4ufen zu ber\u00fccksichtigen. Die jeweils aktuellste Version ist stets auf unserer Website verf\u00fcgbar. \u00dcberpr\u00fcfen Sie bitte regelm\u00e4\u00dfig, ob es Updates gibt.<\/p><h4>VI. Kontakt<\/h4><p>Bei Fragen oder Anliegen zu dieser Cookie-Richtlinie oder wenn Sie Ihre Rechte gem\u00e4\u00df den geltenden Datenschutzgesetzen wahrnehmen m\u00f6chten, wenden Sie sich bitte an:<\/p><p>Thunderbolt Collective<br \/>RedGecko GmbH<br \/>Paul-Lincke-Ufer 20-22<br \/>10999 Berlin, Deutschland<br \/>E-Mail: hello (at) thunderbolt-collective.com<br \/>Telefon: +49 (0)30 \/ 120 76 74 10<\/p>\t\t\t\t\t\t\t\t<\/div>\n\t\t\t\t<\/div>\n\t\t\t\t\t<\/div>\n\t\t<\/div>\n\t\t\t\t\t<\/div>\n\t\t<\/section>\n\t\t\t\t<\/div>\n\t\t","protected":false},"excerpt":{"rendered":"<p>Diese Cookie-Richtlinie erl\u00e4utert, wie die RedGecko GmbH, Betreiber der Thunderbolt Collective-Website (\u201ewir\u201c, \u201euns\u201c oder \u201eunser\u201c), Cookies und \u00e4hnliche Technologien verwendet, um Informationen zu sammeln und zu speichern, wenn Sie unsere&hellip;<\/p>\n","protected":false},"author":1,"featured_media":0,"parent":0,"menu_order":0,"comment_status":"closed","ping_status":"closed","template":"","meta":{"footnotes":""},"class_list":["post-23262","page","type-page","status-publish","hentry"],"_links":{"self":[{"href":"https:\/\/www.thunderbolt-collective.com\/de\/wp-json\/wp\/v2\/pages\/23262","targetHints":{"allow":["GET"]}}],"collection":[{"href":"https:\/\/www.thunderbolt-collective.com\/de\/wp-json\/wp\/v2\/pages"}],"about":[{"href":"https:\/\/www.thunderbolt-collective.com\/de\/wp-json\/wp\/v2\/types\/page"}],"author":[{"embeddable":true,"href":"https:\/\/www.thunderbolt-collective.com\/de\/wp-json\/wp\/v2\/users\/1"}],"replies":[{"embeddable":true,"href":"https:\/\/www.thunderbolt-collective.com\/de\/wp-json\/wp\/v2\/comments?post=23262"}],"version-history":[{"count":11,"href":"https:\/\/www.thunderbolt-collective.com\/de\/wp-json\/wp\/v2\/pages\/23262\/revisions"}],"predecessor-version":[{"id":23274,"href":"https:\/\/www.thunderbolt-collective.com\/de\/wp-json\/wp\/v2\/pages\/23262\/revisions\/23274"}],"wp:attachment":[{"href":"https:\/\/www.thunderbolt-collective.com\/de\/wp-json\/wp\/v2\/media?parent=23262"}],"curies":[{"name":"wp","href":"https:\/\/api.w.org\/{rel}","templated":true}]}}