{"id":23414,"date":"2025-02-10T13:23:22","date_gmt":"2025-02-10T13:23:22","guid":{"rendered":"https:\/\/www.thunderbolt-collective.com\/?page_id=23414"},"modified":"2025-02-18T14:52:31","modified_gmt":"2025-02-18T14:52:31","slug":"grosser-raum","status":"publish","type":"page","link":"https:\/\/www.thunderbolt-collective.com\/de\/preise\/konfi-day-pass\/grosser-raum\/","title":{"rendered":"Konfi Day Pass &#8211; gro\u00dfer Raum"},"content":{"rendered":"\t\t<div data-elementor-type=\"wp-page\" data-elementor-id=\"23414\" class=\"elementor elementor-23414\">\n\t\t\t\t\t\t<section class=\"elementor-section elementor-top-section elementor-element elementor-element-5630c777 elementor-section-boxed elementor-section-height-default elementor-section-height-default sc_fly_static\" data-id=\"5630c777\" data-element_type=\"section\" id=\"pricing_page\">\n\t\t\t\t\t\t<div class=\"elementor-container elementor-column-gap-extended\">\n\t\t\t\t\t<div class=\"elementor-column elementor-col-66 elementor-top-column elementor-element elementor-element-595d068f sc_content_align_inherit sc_layouts_column_icons_position_left sc_fly_static\" data-id=\"595d068f\" data-element_type=\"column\">\n\t\t\t<div class=\"elementor-widget-wrap elementor-element-populated\">\n\t\t\t\t\t\t<div class=\"elementor-element elementor-element-4d9a2c42 sc_fly_static elementor-widget elementor-widget-image\" data-id=\"4d9a2c42\" data-element_type=\"widget\" data-widget_type=\"image.default\">\n\t\t\t\t<div class=\"elementor-widget-container\">\n\t\t\t\t\t\t\t\t\t\t\t\t\t\t\t<img fetchpriority=\"high\" decoding=\"async\" width=\"2000\" height=\"1111\" src=\"https:\/\/www.thunderbolt-collective.com\/wp-content\/uploads\/2020\/04\/Untitled.jpeg\" class=\"attachment-full size-full wp-image-22195\" alt=\"\" srcset=\"https:\/\/www.thunderbolt-collective.com\/wp-content\/uploads\/2020\/04\/Untitled.jpeg 2000w, https:\/\/www.thunderbolt-collective.com\/wp-content\/uploads\/2020\/04\/Untitled-300x167.jpeg 300w, https:\/\/www.thunderbolt-collective.com\/wp-content\/uploads\/2020\/04\/Untitled-1024x569.jpeg 1024w, https:\/\/www.thunderbolt-collective.com\/wp-content\/uploads\/2020\/04\/Untitled-768x427.jpeg 768w, https:\/\/www.thunderbolt-collective.com\/wp-content\/uploads\/2020\/04\/Untitled-1536x853.jpeg 1536w, https:\/\/www.thunderbolt-collective.com\/wp-content\/uploads\/2020\/04\/Untitled-370x206.jpeg 370w, https:\/\/www.thunderbolt-collective.com\/wp-content\/uploads\/2020\/04\/Untitled-840x467.jpeg 840w, https:\/\/www.thunderbolt-collective.com\/wp-content\/uploads\/2020\/04\/Untitled-410x228.jpeg 410w\" sizes=\"(max-width: 2000px) 100vw, 2000px\" \/>\t\t\t\t\t\t\t\t\t\t\t\t\t\t\t<\/div>\n\t\t\t\t<\/div>\n\t\t\t\t<div class=\"elementor-element elementor-element-4cd858b4 price_page_heading sc_fly_static elementor-widget elementor-widget-text-editor\" data-id=\"4cd858b4\" data-element_type=\"widget\" data-widget_type=\"text-editor.default\">\n\t\t\t\t<div class=\"elementor-widget-container\">\n\t\t\t\t\t\t\t\t\t<h3 class=\"elementor-heading-title\">Konfi Day Pass &#8211; gro\u00dfer Raum<\/h3><h4 class=\"elementor-heading-title\">29 EUR<\/h4><p>pro Person &amp; Tag <small>zzgl. MwSt.<\/small><\/p>\t\t\t\t\t\t\t\t<\/div>\n\t\t\t\t<\/div>\n\t\t\t\t<div class=\"elementor-element elementor-element-6c76853 price_page_tc sc_fly_static elementor-widget elementor-widget-text-editor\" data-id=\"6c76853\" data-element_type=\"widget\" data-widget_type=\"text-editor.default\">\n\t\t\t\t<div class=\"elementor-widget-container\">\n\t\t\t\t\t\t\t\t\t<p><b>Buchbar:<\/b> Montags bis Freitags<br \/><b>G\u00fcltigkeit:<\/b> 9:00 &#8211; 18:00 Uhr<br \/><b>Kapazit\u00e4t:<\/b> Bis zu 20 Personen (empfohlen: 12 Personen)<br \/><b>Thunderbolt Collective Mitgliedschaft<\/b>: Nicht erforderlich<\/p><p>Zubuchbar:<\/p><ul><li>Catering (auf Anfrage)<\/li><\/ul><p>Dein Konferenzraum f\u00fcr gr\u00f6\u00dfere Meetings und Workshops f\u00fcr bis zu 10 Personen.<\/p><p>Dieser Konferenzraum ist ausgestattet mit:<\/p><ul><li>Klimaanlage<\/li><li>Gro\u00dfz\u00fcgiger Konferenztisch<\/li><li>ergonomischen B\u00fcrost\u00fchlen<\/li><li>4K-HDR-Beamer mit Apple AirPlay<\/li><li>Whiteboard oder Flipchart<\/li><li>Highspeed Internet<\/li><\/ul><p>Dar\u00fcber hinaus kannst du unsere voll ausgestattete K\u00fcche, unser kostenfreies Getr\u00e4nkeangebot sowie unsere Chillout- und Fun-Areas nutzen. Du hast au\u00dferdem Zugriff auf Drucker, Kopierer und Scanner.<\/p><p>Als Thunderbolt Collective Mitglied erh\u00e4ltst du 50 % Rabatt auf den Konfi Day Pass. <span style=\"font-weight: 400;\">Melde dich dazu beim Thunderbolt Team.<\/span><\/p><p><b>Unsere 3D-Tour:<\/b> <a href=\"https:\/\/www.thunderbolt-collective.com\/de\/#rundgang\">Erlebe jetzt Konferenzr\u00e4ume und Workspace in unserer virtuellen Tour.<\/a><\/p><p>Thunderbolt Collective Datenschutzerkl\u00e4rung:<br \/><a href=\"https:\/\/www.thunderbolt-collective.com\/de\/datenschutz\">https:\/\/www.thunderbolt-collective.com\/de\/datenschutz<\/a><\/p>\t\t\t\t\t\t\t\t<\/div>\n\t\t\t\t<\/div>\n\t\t\t\t\t<\/div>\n\t\t<\/div>\n\t\t\t\t<div class=\"elementor-column elementor-col-33 elementor-top-column elementor-element elementor-element-1725598a sidebar widget_area right sidebar_below sidebar_default scheme_default sc_column_fixed sc_shift_y_tiny sc_content_align_inherit sc_layouts_column_icons_position_left sc_fly_static\" data-id=\"1725598a\" data-element_type=\"column\">\n\t\t\t<div class=\"elementor-widget-wrap elementor-element-populated\">\n\t\t\t\t\t\t<section class=\"elementor-section elementor-inner-section elementor-element elementor-element-703ceeac elementor-section-boxed elementor-section-height-default elementor-section-height-default sc_fly_static\" data-id=\"703ceeac\" data-element_type=\"section\">\n\t\t\t\t\t\t<div class=\"elementor-container elementor-column-gap-extended\">\n\t\t\t\t\t<div class=\"elementor-column elementor-col-100 elementor-inner-column elementor-element elementor-element-567378c5 sidebar_inner sc_content_align_inherit sc_layouts_column_icons_position_left sc_fly_static\" data-id=\"567378c5\" data-element_type=\"column\">\n\t\t\t<div class=\"elementor-widget-wrap elementor-element-populated\">\n\t\t\t\t\t\t<div class=\"elementor-element elementor-element-30fc23d booking-form-title widget sc_fly_static elementor-widget elementor-widget-text-editor\" data-id=\"30fc23d\" data-element_type=\"widget\" data-widget_type=\"text-editor.default\">\n\t\t\t\t<div class=\"elementor-widget-container\">\n\t\t\t\t\t\t\t\t\t<h3>Konfi Day Pass<\/h3><p>29.00\u20ac \/ Tag<\/p>\t\t\t\t\t\t\t\t<\/div>\n\t\t\t\t<\/div>\n\t\t\t\t<div class=\"elementor-element elementor-element-6d9204e widget sc_fly_static elementor-widget elementor-widget-shortcode\" data-id=\"6d9204e\" data-element_type=\"widget\" data-widget_type=\"shortcode.default\">\n\t\t\t\t<div class=\"elementor-widget-container\">\n\t\t\t\t\t\t\t<div class=\"elementor-shortcode\"><div class=\"woocommerce\">\n\t<div id=\"product-23462\" class=\"product type-product yith-wcbk-shortcode-booking-form\">\n\t\t<div class=\"yith_wcbk_booking_form_shortcode_summary\">\n\t\t\t<h1 class=\"product_title entry-title\">Meeting Room Large<\/h1><p class=\"price\"><span class=\"woocommerce-Price-amount amount\"><bdi>29.00<span class=\"woocommerce-Price-currencySymbol\">&euro;<\/span><\/bdi><\/span><span class=\"yith-wcbk-booking-product-price-unit\"> \/ Tag<\/span><\/p>\n\n<form class=\"cart\" method=\"post\" enctype='multipart\/form-data'>\n\n\t<input type=\"hidden\" name=\"add-to-cart\" value=\"23462\"\/>\n\n\t<div\n\t\tclass=\"yith-wcbk-booking-form\"\n\t\tdata-product-id=\"23462\"\n\t\tdata-booking_data=\"{&quot;minimum_number_of_people&quot;:1,&quot;maximum_number_of_people&quot;:20,&quot;duration&quot;:1,&quot;duration_unit&quot;:&quot;day&quot;,&quot;minimum_duration&quot;:1,&quot;maximum_duration&quot;:1,&quot;full_day&quot;:&quot;no&quot;,&quot;min_persons&quot;:1,&quot;max_persons&quot;:20,&quot;all_day&quot;:&quot;no&quot;}\"\n>\n<div class=\"yith-wcbk-form-section-dates-wrapper yith-wcbk-form-section-wrapper\">\n\t<div class=\"yith-wcbk-form-section yith-wcbk-form-section-dates \">\n\n\t<label for=\"yith-wcbk-booking-start-date-23462\" class='yith-wcbk-form-section__label yith-wcbk-booking-form__label'>Reservierungsdatum<\/label>\n\t<div class=\"yith-wcbk-form-section__content\">\n\t\t<div class=\"yith-wcbk-date-picker-wrapper yith-wcbk-clearfix\">\n\t<input type=\"text\"\n\t\tid=\"yith-wcbk-booking-start-date-23462\"\n\n\t\t\tname=\"start-date\"\n\t\n\t\tclass=\"yith-wcbk-date-picker yith-wcbk-booking-date yith-wcbk-booking-start-date\"\n\t\tvalue=\"\"\n\n\treadonly\t data-type=\"from\" data-all-day=\"no\" data-ajax-load-months=\"yes\" data-min-duration=\"1\" data-month-to-load=\"7\" data-year-to-load=\"2026\" data-min-date=\"+0D\" data-max-date=\"+1Y\" data-not-available-dates=\"[&quot;2026-04-01&quot;,&quot;2026-04-03&quot;,&quot;2026-04-04&quot;,&quot;2026-04-05&quot;,&quot;2026-04-06&quot;,&quot;2026-04-08&quot;,&quot;2026-04-10&quot;,&quot;2026-04-11&quot;,&quot;2026-04-12&quot;,&quot;2026-04-15&quot;,&quot;2026-04-17&quot;,&quot;2026-04-18&quot;,&quot;2026-04-19&quot;,&quot;2026-04-22&quot;,&quot;2026-04-24&quot;,&quot;2026-04-25&quot;,&quot;2026-04-26&quot;,&quot;2026-04-29&quot;,&quot;2026-05-01&quot;,&quot;2026-05-02&quot;,&quot;2026-05-03&quot;,&quot;2026-05-06&quot;,&quot;2026-05-08&quot;,&quot;2026-05-09&quot;,&quot;2026-05-10&quot;,&quot;2026-05-13&quot;,&quot;2026-05-14&quot;,&quot;2026-05-15&quot;,&quot;2026-05-16&quot;,&quot;2026-05-17&quot;,&quot;2026-05-20&quot;,&quot;2026-05-22&quot;,&quot;2026-05-23&quot;,&quot;2026-05-24&quot;,&quot;2026-05-25&quot;,&quot;2026-05-27&quot;,&quot;2026-05-29&quot;,&quot;2026-05-30&quot;,&quot;2026-05-31&quot;,&quot;2026-06-03&quot;,&quot;2026-06-05&quot;,&quot;2026-06-06&quot;,&quot;2026-06-07&quot;,&quot;2026-06-10&quot;,&quot;2026-06-12&quot;,&quot;2026-06-13&quot;,&quot;2026-06-14&quot;,&quot;2026-06-17&quot;,&quot;2026-06-19&quot;,&quot;2026-06-20&quot;,&quot;2026-06-21&quot;,&quot;2026-06-24&quot;,&quot;2026-06-26&quot;,&quot;2026-06-27&quot;,&quot;2026-06-28&quot;]\" data-product-id=\"23462\" data-related-to=\"#yith-wcbk-booking-end-date-23462\" data-allow-same-date=\"no\" data-allowed-days=\"[]\" data-on-select-open=\"#yith-wcbk-booking-end-date-23462\" data-static=\"yes\" data-loaded-months=\"[&quot;2026-04&quot;,&quot;2026-05&quot;,&quot;2026-06&quot;]\" data-months-to-load=\"3\" \/>\n\n\t<input type=\"text\"\n\t\tid=\"yith-wcbk-booking-start-date-23462--formatted\"\n\n\t\n\t\tclass=\"yith-wcbk-date-picker--formatted yith-wcbk-booking-date yith-wcbk-booking-start-date\"\n\t\tvalue=\"\"\n\n\treadonly\t\/>\n\t<span class=\"yith-wcbk-booking-date-icon yith-icon yith-icon-calendar\"><\/span>\n<\/div>\n\n<input type=\"hidden\"\n\t\tid=\"yith-wcbk-booking-hidden-from23462\"\n\n\t\t\tname=\"from\"\n\t\n\t\tclass=\"yith-wcbk-booking-date yith-wcbk-booking-hidden-from\"\n\t\tvalue=\"\"\n\n\t\t\n\/>\n\t<\/div>\n<\/div>\n<div class=\"yith-wcbk-form-section yith-wcbk-form-section-duration yith-wcbk-form-section-duration--type-fixed yith-wcbk-form-section-duration--no-field\">\n\t<label for=\"yith-wcbk-booking-duration-23462\" class='yith-wcbk-form-section__label yith-wcbk-booking-form__label'>Dauer<\/label>\n\t<div class=\"yith-wcbk-form-section__content\">\n\t\t\n<input type=\"hidden\"\n\t\tid=\"\"\n\n\t\t\tname=\"duration\"\n\t\n\t\tclass=\"yith-wcbk-booking-duration\"\n\t\tvalue=\"1\"\n\n\tstep=\"1\" min=\"1\" pattern=\"[0-9]*\" inputmode=\"numeric\" max=\"1\"\t\n\/>\n\n\t\t<span class=\"yith-wcbk-booking-duration__label\">1 Tag<\/span>\n\n\t\t\t<\/div>\n<\/div>\n<\/div>\n<div class=\"yith-wcbk-form-section-persons-wrapper yith-wcbk-form-section-wrapper\">\n\t<div class=\"yith-wcbk-form-section yith-wcbk-form-section-persons\">\n\t<label class='yith-wcbk-form-section__label yith-wcbk-booking-form__label'>Personen<\/label>\n\t<div class=\"yith-wcbk-form-section__content\">\n\t\t\n<input type=\"number\"\n\t\tid=\"yith-wcbk-booking-persons\"\n\n\t\t\tname=\"persons\"\n\t\n\t\tclass=\"yith-wcbk-booking-persons yith-wcbk-number-minifield\"\n\t\tvalue=\"1\"\n\n\tstep=\"1\" min=\"1\" max=\"20\"\t>\n\t<\/div>\n<\/div>\n<\/div>\n\n<div class=\"yith-wcbk-form-section yith-wcbk-form-section-totals\">\n\t<label class='yith-wcbk-form-section__label yith-wcbk-booking-form__label'>Gesamt<\/label>\n\t<div class=\"yith-wcbk-form-section__content\">\n\t\t<div class=\"yith-wcbk-booking-form-totals\"><\/div>\n\t<\/div>\n<\/div>\n<div class=\"yith-wcbk-booking-form-message\"><\/div>\n<\/div>\n\n\t\n\t\n\t<button type=\"submit\" class=\"yith-wcbk-add-to-cart-button single_add_to_cart_button button alt\"\n\t\tdisabled>Jetzt buchen<\/button>\n\n\t\n\t<\/form>\n\n<div class=\"product_meta\">\n\n\t\n\t\n\t<span class=\"posted_in\">Kategorie: <a href=\"https:\/\/www.thunderbolt-collective.com\/de\/product-category\/uncategorized\/\" rel=\"tag\">Uncategorized<\/a><\/span>\n\t\n\t<span class=\"product_id\">Product ID: <span>23462<\/span><\/span>\n<\/div>\n\t\t<\/div><!-- .summary -->\n\t<\/div>\n<\/div>\n<\/div>\n\t\t\t\t\t\t<\/div>\n\t\t\t\t<\/div>\n\t\t\t\t\t<\/div>\n\t\t<\/div>\n\t\t\t\t\t<\/div>\n\t\t<\/section>\n\t\t\t\t\t<\/div>\n\t\t<\/div>\n\t\t\t\t\t<\/div>\n\t\t<\/section>\n\t\t\t\t<\/div>\n\t\t","protected":false},"excerpt":{"rendered":"<p>Konfi Day Pass &#8211; gro\u00dfer Raum 29 EUR pro Person &amp; Tag zzgl. MwSt. Buchbar: Montags bis FreitagsG\u00fcltigkeit: 9:00 &#8211; 18:00 UhrKapazit\u00e4t: Bis zu 20 Personen (empfohlen: 12 Personen)Thunderbolt Collective&hellip;<\/p>\n","protected":false},"author":1,"featured_media":0,"parent":23396,"menu_order":0,"comment_status":"closed","ping_status":"closed","template":"","meta":{"footnotes":""},"class_list":["post-23414","page","type-page","status-publish","hentry"],"_links":{"self":[{"href":"https:\/\/www.thunderbolt-collective.com\/de\/wp-json\/wp\/v2\/pages\/23414","targetHints":{"allow":["GET"]}}],"collection":[{"href":"https:\/\/www.thunderbolt-collective.com\/de\/wp-json\/wp\/v2\/pages"}],"about":[{"href":"https:\/\/www.thunderbolt-collective.com\/de\/wp-json\/wp\/v2\/types\/page"}],"author":[{"embeddable":true,"href":"https:\/\/www.thunderbolt-collective.com\/de\/wp-json\/wp\/v2\/users\/1"}],"replies":[{"embeddable":true,"href":"https:\/\/www.thunderbolt-collective.com\/de\/wp-json\/wp\/v2\/comments?post=23414"}],"version-history":[{"count":22,"href":"https:\/\/www.thunderbolt-collective.com\/de\/wp-json\/wp\/v2\/pages\/23414\/revisions"}],"predecessor-version":[{"id":23676,"href":"https:\/\/www.thunderbolt-collective.com\/de\/wp-json\/wp\/v2\/pages\/23414\/revisions\/23676"}],"up":[{"embeddable":true,"href":"https:\/\/www.thunderbolt-collective.com\/de\/wp-json\/wp\/v2\/pages\/23396"}],"wp:attachment":[{"href":"https:\/\/www.thunderbolt-collective.com\/de\/wp-json\/wp\/v2\/media?parent=23414"}],"curies":[{"name":"wp","href":"https:\/\/api.w.org\/{rel}","templated":true}]}}